{"id":4090,"date":"2023-10-16T09:02:43","date_gmt":"2023-10-16T09:02:43","guid":{"rendered":"https:\/\/lgb.attraptemps.dev\/le-grand-menu\/"},"modified":"2025-06-19T12:43:21","modified_gmt":"2025-06-19T12:43:21","slug":"el-gran-menu","status":"publish","type":"page","link":"https:\/\/www.lesgrandsbuffets.com\/ca\/el-gran-menu\/","title":{"rendered":"Le Grand Menu"},"content":{"rendered":"<p><img loading=\"lazy\" decoding=\"async\" class=\" wp-image-2283 aligncenter\" style=\"max-width: 60%;\" src=\"https:\/\/www.lesgrandsbuffets.com\/wp-content\/uploads\/2024\/05\/COUVERTURE_Auguste-Escoffier-inventeur-de-lart-culinaire-au-XIXeme-siecle.jpg\" alt=\"\" width=\"431\" height=\"646\" \/><\/p>\n<p><span style=\"font-size: 12pt;\">Auguste Escoffier.<\/span><\/p>\n<p><span style=\"font-size: 12pt;\">Auguste Escoffier, consid\u00e9r\u00e9 par les anglo-saxons comme le plus grand parmi les grands, est tout simplement \u00e0 l\u2019origine de l\u2019id\u00e9e m\u00eame de gastronomie, l\u2019inventeur de l\u2019art culinaire, service trois \u00e9toiles compris. Il a fait de la cuisine fran\u00e7aise du XIX \u00e8me si\u00e8cle une cuisine plan\u00e9taire.<\/span><\/p>\n","protected":false},"excerpt":{"rendered":"<p>Auguste Escoffier. Auguste Escoffier, consid\u00e9r\u00e9 par les anglo-saxons comme le plus grand parmi les grands, est tout simplement \u00e0 l\u2019origine de l\u2019id\u00e9e m\u00eame de gastronomie, l\u2019inventeur de l\u2019art culinaire, service trois \u00e9toiles compris. Il a fait de la cuisine fran\u00e7aise du XIX \u00e8me si\u00e8cle une cuisine plan\u00e9taire.<\/p>\n","protected":false},"author":1,"featured_media":0,"parent":0,"menu_order":0,"comment_status":"closed","ping_status":"closed","template":"","meta":{"_acf_changed":false,"_et_pb_use_builder":"","_et_pb_old_content":"","_et_gb_content_width":"","footnotes":""},"class_list":["post-4090","page","type-page","status-publish","hentry"],"acf":[],"yoast_head":"<!-- This site is optimized with the Yoast SEO plugin v27.4 - https:\/\/yoast.com\/product\/yoast-seo-wordpress\/ -->\n<title>Le Grand Menu - Les Grands Buffets<\/title>\n<meta name=\"robots\" content=\"index, follow, max-snippet:-1, max-image-preview:large, max-video-preview:-1\" \/>\n<link rel=\"canonical\" href=\"https:\/\/www.lesgrandsbuffets.com\/ca\/el-gran-menu\/\" \/>\n<meta property=\"og:locale\" content=\"ca_ES\" \/>\n<meta property=\"og:type\" content=\"article\" \/>\n<meta property=\"og:title\" content=\"Le Grand Menu - Les Grands Buffets\" \/>\n<meta property=\"og:description\" content=\"Auguste Escoffier. Auguste Escoffier, consid\u00e9r\u00e9 par les anglo-saxons comme le plus grand parmi les grands, est tout simplement \u00e0 l\u2019origine de l\u2019id\u00e9e m\u00eame de gastronomie, l\u2019inventeur de l\u2019art culinaire, service trois \u00e9toiles compris. Il a fait de la cuisine fran\u00e7aise du XIX \u00e8me si\u00e8cle une cuisine plan\u00e9taire.\" \/>\n<meta property=\"og:url\" content=\"https:\/\/www.lesgrandsbuffets.com\/ca\/el-gran-menu\/\" \/>\n<meta property=\"og:site_name\" content=\"Les Grands Buffets\" \/>\n<meta property=\"article:modified_time\" content=\"2025-06-19T12:43:21+00:00\" \/>\n<meta property=\"og:image\" content=\"https:\/\/www.lesgrandsbuffets.com\/wp-content\/uploads\/2024\/05\/COUVERTURE_Auguste-Escoffier-inventeur-de-lart-culinaire-au-XIXeme-siecle.jpg\" \/>\n<meta name=\"twitter:card\" content=\"summary_large_image\" \/>\n<script type=\"application\/ld+json\" class=\"yoast-schema-graph\">{\"@context\":\"https:\\\/\\\/schema.org\",\"@graph\":[{\"@type\":\"WebPage\",\"@id\":\"https:\\\/\\\/www.lesgrandsbuffets.com\\\/ca\\\/el-gran-menu\\\/\",\"url\":\"https:\\\/\\\/www.lesgrandsbuffets.com\\\/ca\\\/el-gran-menu\\\/\",\"name\":\"Le Grand Menu - Les Grands Buffets\",\"isPartOf\":{\"@id\":\"https:\\\/\\\/www.lesgrandsbuffets.com\\\/ca\\\/#website\"},\"primaryImageOfPage\":{\"@id\":\"https:\\\/\\\/www.lesgrandsbuffets.com\\\/ca\\\/el-gran-menu\\\/#primaryimage\"},\"image\":{\"@id\":\"https:\\\/\\\/www.lesgrandsbuffets.com\\\/ca\\\/el-gran-menu\\\/#primaryimage\"},\"thumbnailUrl\":\"https:\\\/\\\/www.lesgrandsbuffets.com\\\/wp-content\\\/uploads\\\/2024\\\/05\\\/COUVERTURE_Auguste-Escoffier-inventeur-de-lart-culinaire-au-XIXeme-siecle.jpg\",\"datePublished\":\"2023-10-16T09:02:43+00:00\",\"dateModified\":\"2025-06-19T12:43:21+00:00\",\"breadcrumb\":{\"@id\":\"https:\\\/\\\/www.lesgrandsbuffets.com\\\/ca\\\/el-gran-menu\\\/#breadcrumb\"},\"inLanguage\":\"ca\",\"potentialAction\":[{\"@type\":\"ReadAction\",\"target\":[\"https:\\\/\\\/www.lesgrandsbuffets.com\\\/ca\\\/el-gran-menu\\\/\"]}]},{\"@type\":\"ImageObject\",\"inLanguage\":\"ca\",\"@id\":\"https:\\\/\\\/www.lesgrandsbuffets.com\\\/ca\\\/el-gran-menu\\\/#primaryimage\",\"url\":\"https:\\\/\\\/www.lesgrandsbuffets.com\\\/wp-content\\\/uploads\\\/2024\\\/05\\\/COUVERTURE_Auguste-Escoffier-inventeur-de-lart-culinaire-au-XIXeme-siecle.jpg\",\"contentUrl\":\"https:\\\/\\\/www.lesgrandsbuffets.com\\\/wp-content\\\/uploads\\\/2024\\\/05\\\/COUVERTURE_Auguste-Escoffier-inventeur-de-lart-culinaire-au-XIXeme-siecle.jpg\"},{\"@type\":\"BreadcrumbList\",\"@id\":\"https:\\\/\\\/www.lesgrandsbuffets.com\\\/ca\\\/el-gran-menu\\\/#breadcrumb\",\"itemListElement\":[{\"@type\":\"ListItem\",\"position\":1,\"name\":\"Accueil\",\"item\":\"https:\\\/\\\/www.lesgrandsbuffets.com\\\/ca\\\/\"},{\"@type\":\"ListItem\",\"position\":2,\"name\":\"Le Grand Menu\"}]},{\"@type\":\"WebSite\",\"@id\":\"https:\\\/\\\/www.lesgrandsbuffets.com\\\/ca\\\/#website\",\"url\":\"https:\\\/\\\/www.lesgrandsbuffets.com\\\/ca\\\/\",\"name\":\"Les Grands Buffets\",\"description\":\"Maison fond\u00e9e en 1989\",\"publisher\":{\"@id\":\"https:\\\/\\\/www.lesgrandsbuffets.com\\\/ca\\\/#organization\"},\"potentialAction\":[{\"@type\":\"SearchAction\",\"target\":{\"@type\":\"EntryPoint\",\"urlTemplate\":\"https:\\\/\\\/www.lesgrandsbuffets.com\\\/ca\\\/?s={search_term_string}\"},\"query-input\":{\"@type\":\"PropertyValueSpecification\",\"valueRequired\":true,\"valueName\":\"search_term_string\"}}],\"inLanguage\":\"ca\"},{\"@type\":\"Organization\",\"@id\":\"https:\\\/\\\/www.lesgrandsbuffets.com\\\/ca\\\/#organization\",\"name\":\"Les Grands Buffets\",\"url\":\"https:\\\/\\\/www.lesgrandsbuffets.com\\\/ca\\\/\",\"logo\":{\"@type\":\"ImageObject\",\"inLanguage\":\"ca\",\"@id\":\"https:\\\/\\\/www.lesgrandsbuffets.com\\\/ca\\\/#\\\/schema\\\/logo\\\/image\\\/\",\"url\":\"https:\\\/\\\/www.lesgrandsbuffets.com\\\/wp-content\\\/uploads\\\/2025\\\/08\\\/LOGO-GB-2205-BLANC-LGB-favicon-BG.png\",\"contentUrl\":\"https:\\\/\\\/www.lesgrandsbuffets.com\\\/wp-content\\\/uploads\\\/2025\\\/08\\\/LOGO-GB-2205-BLANC-LGB-favicon-BG.png\",\"width\":512,\"height\":512,\"caption\":\"Les Grands Buffets\"},\"image\":{\"@id\":\"https:\\\/\\\/www.lesgrandsbuffets.com\\\/ca\\\/#\\\/schema\\\/logo\\\/image\\\/\"}}]}<\/script>\n<!-- \/ Yoast SEO plugin. -->","yoast_head_json":{"title":"Le Grand Menu - Les Grands Buffets","robots":{"index":"index","follow":"follow","max-snippet":"max-snippet:-1","max-image-preview":"max-image-preview:large","max-video-preview":"max-video-preview:-1"},"canonical":"https:\/\/www.lesgrandsbuffets.com\/ca\/el-gran-menu\/","og_locale":"ca_ES","og_type":"article","og_title":"Le Grand Menu - Les Grands Buffets","og_description":"Auguste Escoffier. Auguste Escoffier, consid\u00e9r\u00e9 par les anglo-saxons comme le plus grand parmi les grands, est tout simplement \u00e0 l\u2019origine de l\u2019id\u00e9e m\u00eame de gastronomie, l\u2019inventeur de l\u2019art culinaire, service trois \u00e9toiles compris. Il a fait de la cuisine fran\u00e7aise du XIX \u00e8me si\u00e8cle une cuisine plan\u00e9taire.","og_url":"https:\/\/www.lesgrandsbuffets.com\/ca\/el-gran-menu\/","og_site_name":"Les Grands Buffets","article_modified_time":"2025-06-19T12:43:21+00:00","og_image":[{"url":"https:\/\/www.lesgrandsbuffets.com\/wp-content\/uploads\/2024\/05\/COUVERTURE_Auguste-Escoffier-inventeur-de-lart-culinaire-au-XIXeme-siecle.jpg","type":"","width":"","height":""}],"twitter_card":"summary_large_image","schema":{"@context":"https:\/\/schema.org","@graph":[{"@type":"WebPage","@id":"https:\/\/www.lesgrandsbuffets.com\/ca\/el-gran-menu\/","url":"https:\/\/www.lesgrandsbuffets.com\/ca\/el-gran-menu\/","name":"Le Grand Menu - Les Grands Buffets","isPartOf":{"@id":"https:\/\/www.lesgrandsbuffets.com\/ca\/#website"},"primaryImageOfPage":{"@id":"https:\/\/www.lesgrandsbuffets.com\/ca\/el-gran-menu\/#primaryimage"},"image":{"@id":"https:\/\/www.lesgrandsbuffets.com\/ca\/el-gran-menu\/#primaryimage"},"thumbnailUrl":"https:\/\/www.lesgrandsbuffets.com\/wp-content\/uploads\/2024\/05\/COUVERTURE_Auguste-Escoffier-inventeur-de-lart-culinaire-au-XIXeme-siecle.jpg","datePublished":"2023-10-16T09:02:43+00:00","dateModified":"2025-06-19T12:43:21+00:00","breadcrumb":{"@id":"https:\/\/www.lesgrandsbuffets.com\/ca\/el-gran-menu\/#breadcrumb"},"inLanguage":"ca","potentialAction":[{"@type":"ReadAction","target":["https:\/\/www.lesgrandsbuffets.com\/ca\/el-gran-menu\/"]}]},{"@type":"ImageObject","inLanguage":"ca","@id":"https:\/\/www.lesgrandsbuffets.com\/ca\/el-gran-menu\/#primaryimage","url":"https:\/\/www.lesgrandsbuffets.com\/wp-content\/uploads\/2024\/05\/COUVERTURE_Auguste-Escoffier-inventeur-de-lart-culinaire-au-XIXeme-siecle.jpg","contentUrl":"https:\/\/www.lesgrandsbuffets.com\/wp-content\/uploads\/2024\/05\/COUVERTURE_Auguste-Escoffier-inventeur-de-lart-culinaire-au-XIXeme-siecle.jpg"},{"@type":"BreadcrumbList","@id":"https:\/\/www.lesgrandsbuffets.com\/ca\/el-gran-menu\/#breadcrumb","itemListElement":[{"@type":"ListItem","position":1,"name":"Accueil","item":"https:\/\/www.lesgrandsbuffets.com\/ca\/"},{"@type":"ListItem","position":2,"name":"Le Grand Menu"}]},{"@type":"WebSite","@id":"https:\/\/www.lesgrandsbuffets.com\/ca\/#website","url":"https:\/\/www.lesgrandsbuffets.com\/ca\/","name":"Les Grands Buffets","description":"Maison fond\u00e9e en 1989","publisher":{"@id":"https:\/\/www.lesgrandsbuffets.com\/ca\/#organization"},"potentialAction":[{"@type":"SearchAction","target":{"@type":"EntryPoint","urlTemplate":"https:\/\/www.lesgrandsbuffets.com\/ca\/?s={search_term_string}"},"query-input":{"@type":"PropertyValueSpecification","valueRequired":true,"valueName":"search_term_string"}}],"inLanguage":"ca"},{"@type":"Organization","@id":"https:\/\/www.lesgrandsbuffets.com\/ca\/#organization","name":"Les Grands Buffets","url":"https:\/\/www.lesgrandsbuffets.com\/ca\/","logo":{"@type":"ImageObject","inLanguage":"ca","@id":"https:\/\/www.lesgrandsbuffets.com\/ca\/#\/schema\/logo\/image\/","url":"https:\/\/www.lesgrandsbuffets.com\/wp-content\/uploads\/2025\/08\/LOGO-GB-2205-BLANC-LGB-favicon-BG.png","contentUrl":"https:\/\/www.lesgrandsbuffets.com\/wp-content\/uploads\/2025\/08\/LOGO-GB-2205-BLANC-LGB-favicon-BG.png","width":512,"height":512,"caption":"Les Grands Buffets"},"image":{"@id":"https:\/\/www.lesgrandsbuffets.com\/ca\/#\/schema\/logo\/image\/"}}]}},"_links":{"self":[{"href":"https:\/\/www.lesgrandsbuffets.com\/ca\/wp-json\/wp\/v2\/pages\/4090","targetHints":{"allow":["GET"]}}],"collection":[{"href":"https:\/\/www.lesgrandsbuffets.com\/ca\/wp-json\/wp\/v2\/pages"}],"about":[{"href":"https:\/\/www.lesgrandsbuffets.com\/ca\/wp-json\/wp\/v2\/types\/page"}],"author":[{"embeddable":true,"href":"https:\/\/www.lesgrandsbuffets.com\/ca\/wp-json\/wp\/v2\/users\/1"}],"replies":[{"embeddable":true,"href":"https:\/\/www.lesgrandsbuffets.com\/ca\/wp-json\/wp\/v2\/comments?post=4090"}],"version-history":[{"count":0,"href":"https:\/\/www.lesgrandsbuffets.com\/ca\/wp-json\/wp\/v2\/pages\/4090\/revisions"}],"wp:attachment":[{"href":"https:\/\/www.lesgrandsbuffets.com\/ca\/wp-json\/wp\/v2\/media?parent=4090"}],"curies":[{"name":"wp","href":"https:\/\/api.w.org\/{rel}","templated":true}]}}