{"id":4110,"date":"2024-05-02T15:46:01","date_gmt":"2024-05-02T15:46:01","guid":{"rendered":"https:\/\/lgb.attraptemps.dev\/le-grand-menu\/les-desserts-glaces\/"},"modified":"2025-06-26T18:57:34","modified_gmt":"2025-06-26T18:57:34","slug":"postres-helados","status":"publish","type":"page","link":"https:\/\/www.lesgrandsbuffets.com\/es\/el-gran-menu\/postres-helados\/","title":{"rendered":"Los postres helados"},"content":{"rendered":"","protected":false},"excerpt":{"rendered":"","protected":false},"author":1,"featured_media":8940,"parent":4089,"menu_order":0,"comment_status":"closed","ping_status":"closed","template":"","meta":{"_acf_changed":false,"_et_pb_use_builder":"","_et_pb_old_content":"","_et_gb_content_width":"","footnotes":""},"class_list":["post-4110","page","type-page","status-publish","has-post-thumbnail","hentry"],"acf":[],"yoast_head":"<!-- This site is optimized with the Yoast SEO plugin v27.1.1 - https:\/\/yoast.com\/product\/yoast-seo-wordpress\/ -->\n<title>Postres helados ilimitados \u2013 Esp\u00edritu Escoffier<\/title>\n<meta name=\"description\" content=\"Copas, sufl\u00e9s y vacherins helados caseros rinden homenaje a la tradici\u00f3n Escoffier, para saborear sin l\u00edmite en nuestro sal\u00f3n de dulces.\" \/>\n<meta name=\"robots\" content=\"index, follow, max-snippet:-1, max-image-preview:large, max-video-preview:-1\" \/>\n<link rel=\"canonical\" href=\"https:\/\/www.lesgrandsbuffets.com\/es\/el-gran-menu\/postres-helados\/\" \/>\n<meta property=\"og:locale\" content=\"es_ES\" \/>\n<meta property=\"og:type\" content=\"article\" \/>\n<meta property=\"og:title\" content=\"Postres helados ilimitados \u2013 Esp\u00edritu Escoffier\" \/>\n<meta property=\"og:description\" content=\"Copas, sufl\u00e9s y vacherins helados caseros rinden homenaje a la tradici\u00f3n Escoffier, para saborear sin l\u00edmite en nuestro sal\u00f3n de dulces.\" \/>\n<meta property=\"og:url\" content=\"https:\/\/www.lesgrandsbuffets.com\/es\/el-gran-menu\/postres-helados\/\" \/>\n<meta property=\"og:site_name\" content=\"Les Grands Buffets\" \/>\n<meta property=\"article:modified_time\" content=\"2025-06-26T18:57:34+00:00\" \/>\n<meta property=\"og:image\" content=\"https:\/\/www.lesgrandsbuffets.com\/wp-content\/uploads\/2025\/06\/buffet-desserts-glaces.jpg\" \/>\n\t<meta property=\"og:image:width\" content=\"1920\" \/>\n\t<meta property=\"og:image:height\" content=\"1240\" \/>\n\t<meta property=\"og:image:type\" content=\"image\/jpeg\" \/>\n<meta name=\"twitter:card\" content=\"summary_large_image\" \/>\n<meta name=\"twitter:label1\" content=\"Tiempo de lectura\" \/>\n\t<meta name=\"twitter:data1\" content=\"1 minuto\" \/>\n<script type=\"application\/ld+json\" class=\"yoast-schema-graph\">{\"@context\":\"https:\/\/schema.org\",\"@graph\":[{\"@type\":\"WebPage\",\"@id\":\"https:\/\/www.lesgrandsbuffets.com\/es\/el-gran-menu\/postres-helados\/\",\"url\":\"https:\/\/www.lesgrandsbuffets.com\/es\/el-gran-menu\/postres-helados\/\",\"name\":\"Postres helados ilimitados \u2013 Esp\u00edritu Escoffier\",\"isPartOf\":{\"@id\":\"https:\/\/www.lesgrandsbuffets.com\/es\/#website\"},\"primaryImageOfPage\":{\"@id\":\"https:\/\/www.lesgrandsbuffets.com\/es\/el-gran-menu\/postres-helados\/#primaryimage\"},\"image\":{\"@id\":\"https:\/\/www.lesgrandsbuffets.com\/es\/el-gran-menu\/postres-helados\/#primaryimage\"},\"thumbnailUrl\":\"https:\/\/www.lesgrandsbuffets.com\/wp-content\/uploads\/2025\/10\/buffet-desserts-glaces-les-grands-buffets.webp\",\"datePublished\":\"2024-05-02T15:46:01+00:00\",\"dateModified\":\"2025-06-26T18:57:34+00:00\",\"description\":\"Copas, sufl\u00e9s y vacherins helados caseros rinden homenaje a la tradici\u00f3n Escoffier, para saborear sin l\u00edmite en nuestro sal\u00f3n de dulces.\",\"breadcrumb\":{\"@id\":\"https:\/\/www.lesgrandsbuffets.com\/es\/el-gran-menu\/postres-helados\/#breadcrumb\"},\"inLanguage\":\"es\",\"potentialAction\":[{\"@type\":\"ReadAction\",\"target\":[\"https:\/\/www.lesgrandsbuffets.com\/es\/el-gran-menu\/postres-helados\/\"]}]},{\"@type\":\"ImageObject\",\"inLanguage\":\"es\",\"@id\":\"https:\/\/www.lesgrandsbuffets.com\/es\/el-gran-menu\/postres-helados\/#primaryimage\",\"url\":\"https:\/\/www.lesgrandsbuffets.com\/wp-content\/uploads\/2025\/10\/buffet-desserts-glaces-les-grands-buffets.webp\",\"contentUrl\":\"https:\/\/www.lesgrandsbuffets.com\/wp-content\/uploads\/2025\/10\/buffet-desserts-glaces-les-grands-buffets.webp\",\"width\":1920,\"height\":1240,\"caption\":\"le buffet des desserts glac\u00e9s du restaurant \u00e0 volont\u00e9 Les Grands Buffets Narbonne\"},{\"@type\":\"BreadcrumbList\",\"@id\":\"https:\/\/www.lesgrandsbuffets.com\/es\/el-gran-menu\/postres-helados\/#breadcrumb\",\"itemListElement\":[{\"@type\":\"ListItem\",\"position\":1,\"name\":\"Accueil\",\"item\":\"https:\/\/www.lesgrandsbuffets.com\/es\/\"},{\"@type\":\"ListItem\",\"position\":2,\"name\":\"Le Grand Menu\",\"item\":\"https:\/\/www.lesgrandsbuffets.com\/es\/el-gran-menu\/\"},{\"@type\":\"ListItem\",\"position\":3,\"name\":\"Los postres helados\"}]},{\"@type\":\"WebSite\",\"@id\":\"https:\/\/www.lesgrandsbuffets.com\/es\/#website\",\"url\":\"https:\/\/www.lesgrandsbuffets.com\/es\/\",\"name\":\"Les Grands Buffets\",\"description\":\"Maison fond\u00e9e en 1989\",\"publisher\":{\"@id\":\"https:\/\/www.lesgrandsbuffets.com\/es\/#organization\"},\"potentialAction\":[{\"@type\":\"SearchAction\",\"target\":{\"@type\":\"EntryPoint\",\"urlTemplate\":\"https:\/\/www.lesgrandsbuffets.com\/es\/?s={search_term_string}\"},\"query-input\":{\"@type\":\"PropertyValueSpecification\",\"valueRequired\":true,\"valueName\":\"search_term_string\"}}],\"inLanguage\":\"es\"},{\"@type\":\"Organization\",\"@id\":\"https:\/\/www.lesgrandsbuffets.com\/es\/#organization\",\"name\":\"Les Grands Buffets\",\"url\":\"https:\/\/www.lesgrandsbuffets.com\/es\/\",\"logo\":{\"@type\":\"ImageObject\",\"inLanguage\":\"es\",\"@id\":\"https:\/\/www.lesgrandsbuffets.com\/es\/#\/schema\/logo\/image\/\",\"url\":\"https:\/\/www.lesgrandsbuffets.com\/wp-content\/uploads\/2025\/08\/LOGO-GB-2205-BLANC-LGB-favicon-BG.png\",\"contentUrl\":\"https:\/\/www.lesgrandsbuffets.com\/wp-content\/uploads\/2025\/08\/LOGO-GB-2205-BLANC-LGB-favicon-BG.png\",\"width\":512,\"height\":512,\"caption\":\"Les Grands Buffets\"},\"image\":{\"@id\":\"https:\/\/www.lesgrandsbuffets.com\/es\/#\/schema\/logo\/image\/\"}}]}<\/script>\n<!-- \/ Yoast SEO plugin. -->","yoast_head_json":{"title":"Postres helados ilimitados \u2013 Esp\u00edritu Escoffier","description":"Copas, sufl\u00e9s y vacherins helados caseros rinden homenaje a la tradici\u00f3n Escoffier, para saborear sin l\u00edmite en nuestro sal\u00f3n de dulces.","robots":{"index":"index","follow":"follow","max-snippet":"max-snippet:-1","max-image-preview":"max-image-preview:large","max-video-preview":"max-video-preview:-1"},"canonical":"https:\/\/www.lesgrandsbuffets.com\/es\/el-gran-menu\/postres-helados\/","og_locale":"es_ES","og_type":"article","og_title":"Postres helados ilimitados \u2013 Esp\u00edritu Escoffier","og_description":"Copas, sufl\u00e9s y vacherins helados caseros rinden homenaje a la tradici\u00f3n Escoffier, para saborear sin l\u00edmite en nuestro sal\u00f3n de dulces.","og_url":"https:\/\/www.lesgrandsbuffets.com\/es\/el-gran-menu\/postres-helados\/","og_site_name":"Les Grands Buffets","article_modified_time":"2025-06-26T18:57:34+00:00","og_image":[{"width":1920,"height":1240,"url":"https:\/\/www.lesgrandsbuffets.com\/wp-content\/uploads\/2025\/06\/buffet-desserts-glaces.jpg","type":"image\/jpeg"}],"twitter_card":"summary_large_image","twitter_misc":{"Tiempo de lectura":"1 minuto"},"schema":{"@context":"https:\/\/schema.org","@graph":[{"@type":"WebPage","@id":"https:\/\/www.lesgrandsbuffets.com\/es\/el-gran-menu\/postres-helados\/","url":"https:\/\/www.lesgrandsbuffets.com\/es\/el-gran-menu\/postres-helados\/","name":"Postres helados ilimitados \u2013 Esp\u00edritu Escoffier","isPartOf":{"@id":"https:\/\/www.lesgrandsbuffets.com\/es\/#website"},"primaryImageOfPage":{"@id":"https:\/\/www.lesgrandsbuffets.com\/es\/el-gran-menu\/postres-helados\/#primaryimage"},"image":{"@id":"https:\/\/www.lesgrandsbuffets.com\/es\/el-gran-menu\/postres-helados\/#primaryimage"},"thumbnailUrl":"https:\/\/www.lesgrandsbuffets.com\/wp-content\/uploads\/2025\/10\/buffet-desserts-glaces-les-grands-buffets.webp","datePublished":"2024-05-02T15:46:01+00:00","dateModified":"2025-06-26T18:57:34+00:00","description":"Copas, sufl\u00e9s y vacherins helados caseros rinden homenaje a la tradici\u00f3n Escoffier, para saborear sin l\u00edmite en nuestro sal\u00f3n de dulces.","breadcrumb":{"@id":"https:\/\/www.lesgrandsbuffets.com\/es\/el-gran-menu\/postres-helados\/#breadcrumb"},"inLanguage":"es","potentialAction":[{"@type":"ReadAction","target":["https:\/\/www.lesgrandsbuffets.com\/es\/el-gran-menu\/postres-helados\/"]}]},{"@type":"ImageObject","inLanguage":"es","@id":"https:\/\/www.lesgrandsbuffets.com\/es\/el-gran-menu\/postres-helados\/#primaryimage","url":"https:\/\/www.lesgrandsbuffets.com\/wp-content\/uploads\/2025\/10\/buffet-desserts-glaces-les-grands-buffets.webp","contentUrl":"https:\/\/www.lesgrandsbuffets.com\/wp-content\/uploads\/2025\/10\/buffet-desserts-glaces-les-grands-buffets.webp","width":1920,"height":1240,"caption":"le buffet des desserts glac\u00e9s du restaurant \u00e0 volont\u00e9 Les Grands Buffets Narbonne"},{"@type":"BreadcrumbList","@id":"https:\/\/www.lesgrandsbuffets.com\/es\/el-gran-menu\/postres-helados\/#breadcrumb","itemListElement":[{"@type":"ListItem","position":1,"name":"Accueil","item":"https:\/\/www.lesgrandsbuffets.com\/es\/"},{"@type":"ListItem","position":2,"name":"Le Grand Menu","item":"https:\/\/www.lesgrandsbuffets.com\/es\/el-gran-menu\/"},{"@type":"ListItem","position":3,"name":"Los postres helados"}]},{"@type":"WebSite","@id":"https:\/\/www.lesgrandsbuffets.com\/es\/#website","url":"https:\/\/www.lesgrandsbuffets.com\/es\/","name":"Les Grands Buffets","description":"Maison fond\u00e9e en 1989","publisher":{"@id":"https:\/\/www.lesgrandsbuffets.com\/es\/#organization"},"potentialAction":[{"@type":"SearchAction","target":{"@type":"EntryPoint","urlTemplate":"https:\/\/www.lesgrandsbuffets.com\/es\/?s={search_term_string}"},"query-input":{"@type":"PropertyValueSpecification","valueRequired":true,"valueName":"search_term_string"}}],"inLanguage":"es"},{"@type":"Organization","@id":"https:\/\/www.lesgrandsbuffets.com\/es\/#organization","name":"Les Grands Buffets","url":"https:\/\/www.lesgrandsbuffets.com\/es\/","logo":{"@type":"ImageObject","inLanguage":"es","@id":"https:\/\/www.lesgrandsbuffets.com\/es\/#\/schema\/logo\/image\/","url":"https:\/\/www.lesgrandsbuffets.com\/wp-content\/uploads\/2025\/08\/LOGO-GB-2205-BLANC-LGB-favicon-BG.png","contentUrl":"https:\/\/www.lesgrandsbuffets.com\/wp-content\/uploads\/2025\/08\/LOGO-GB-2205-BLANC-LGB-favicon-BG.png","width":512,"height":512,"caption":"Les Grands Buffets"},"image":{"@id":"https:\/\/www.lesgrandsbuffets.com\/es\/#\/schema\/logo\/image\/"}}]}},"_links":{"self":[{"href":"https:\/\/www.lesgrandsbuffets.com\/es\/wp-json\/wp\/v2\/pages\/4110","targetHints":{"allow":["GET"]}}],"collection":[{"href":"https:\/\/www.lesgrandsbuffets.com\/es\/wp-json\/wp\/v2\/pages"}],"about":[{"href":"https:\/\/www.lesgrandsbuffets.com\/es\/wp-json\/wp\/v2\/types\/page"}],"author":[{"embeddable":true,"href":"https:\/\/www.lesgrandsbuffets.com\/es\/wp-json\/wp\/v2\/users\/1"}],"replies":[{"embeddable":true,"href":"https:\/\/www.lesgrandsbuffets.com\/es\/wp-json\/wp\/v2\/comments?post=4110"}],"version-history":[{"count":0,"href":"https:\/\/www.lesgrandsbuffets.com\/es\/wp-json\/wp\/v2\/pages\/4110\/revisions"}],"up":[{"embeddable":true,"href":"https:\/\/www.lesgrandsbuffets.com\/es\/wp-json\/wp\/v2\/pages\/4089"}],"wp:featuredmedia":[{"embeddable":true,"href":"https:\/\/www.lesgrandsbuffets.com\/es\/wp-json\/wp\/v2\/media\/8940"}],"wp:attachment":[{"href":"https:\/\/www.lesgrandsbuffets.com\/es\/wp-json\/wp\/v2\/media?parent=4110"}],"curies":[{"name":"wp","href":"https:\/\/api.w.org\/{rel}","templated":true}]}}