{"id":4116,"date":"2024-09-10T14:08:33","date_gmt":"2024-09-10T14:08:33","guid":{"rendered":"https:\/\/lgb.attraptemps.dev\/le-grand-menu\/les-plats-chauds\/"},"modified":"2025-11-24T13:30:44","modified_gmt":"2025-11-24T13:30:44","slug":"platos-calientes","status":"publish","type":"page","link":"https:\/\/www.lesgrandsbuffets.com\/es\/el-gran-menu\/platos-calientes\/","title":{"rendered":"Los platos calientes"},"content":{"rendered":"","protected":false},"excerpt":{"rendered":"","protected":false},"author":1,"featured_media":6786,"parent":4089,"menu_order":0,"comment_status":"closed","ping_status":"closed","template":"","meta":{"_acf_changed":false,"_et_pb_use_builder":"","_et_pb_old_content":"","_et_gb_content_width":"","footnotes":""},"class_list":["post-4116","page","type-page","status-publish","has-post-thumbnail","hentry"],"acf":[],"yoast_head":"<!-- This site is optimized with the Yoast SEO plugin v27.4 - https:\/\/yoast.com\/product\/yoast-seo-wordpress\/ -->\n<title>Platos calientes a voluntad \u2013 Cocina de Auguste Escoffier<\/title>\n<meta name=\"description\" content=\"Asados, guisos y pescados nobles: saboree los cl\u00e1sicos franceses inspirados en Escoffier, servidos sin l\u00edmite en Les Grands Buffets, mediod\u00eda y noche.\" \/>\n<meta name=\"robots\" content=\"index, follow, max-snippet:-1, max-image-preview:large, max-video-preview:-1\" \/>\n<link rel=\"canonical\" href=\"https:\/\/www.lesgrandsbuffets.com\/es\/el-gran-menu\/platos-calientes\/\" \/>\n<meta property=\"og:locale\" content=\"es_ES\" \/>\n<meta property=\"og:type\" content=\"article\" \/>\n<meta property=\"og:title\" content=\"Platos calientes a voluntad \u2013 Cocina de Auguste Escoffier\" \/>\n<meta property=\"og:description\" content=\"Asados, guisos y pescados nobles: saboree los cl\u00e1sicos franceses inspirados en Escoffier, servidos sin l\u00edmite en Les Grands Buffets, mediod\u00eda y noche.\" \/>\n<meta property=\"og:url\" content=\"https:\/\/www.lesgrandsbuffets.com\/es\/el-gran-menu\/platos-calientes\/\" \/>\n<meta property=\"og:site_name\" content=\"Les Grands Buffets\" \/>\n<meta property=\"article:modified_time\" content=\"2025-11-24T13:30:44+00:00\" \/>\n<meta property=\"og:image\" content=\"https:\/\/www.lesgrandsbuffets.com\/wp-content\/uploads\/2025\/06\/buffet-plats-chauds.jpg\" \/>\n\t<meta property=\"og:image:width\" content=\"1920\" \/>\n\t<meta property=\"og:image:height\" content=\"1080\" \/>\n\t<meta property=\"og:image:type\" content=\"image\/jpeg\" \/>\n<meta name=\"twitter:card\" content=\"summary_large_image\" \/>\n<meta name=\"twitter:label1\" content=\"Tiempo de lectura\" \/>\n\t<meta name=\"twitter:data1\" content=\"1 minuto\" \/>\n<script type=\"application\/ld+json\" class=\"yoast-schema-graph\">{\"@context\":\"https:\\\/\\\/schema.org\",\"@graph\":[{\"@type\":\"WebPage\",\"@id\":\"https:\\\/\\\/www.lesgrandsbuffets.com\\\/es\\\/el-gran-menu\\\/platos-calientes\\\/\",\"url\":\"https:\\\/\\\/www.lesgrandsbuffets.com\\\/es\\\/el-gran-menu\\\/platos-calientes\\\/\",\"name\":\"Platos calientes a voluntad \u2013 Cocina de Auguste Escoffier\",\"isPartOf\":{\"@id\":\"https:\\\/\\\/www.lesgrandsbuffets.com\\\/es\\\/#website\"},\"primaryImageOfPage\":{\"@id\":\"https:\\\/\\\/www.lesgrandsbuffets.com\\\/es\\\/el-gran-menu\\\/platos-calientes\\\/#primaryimage\"},\"image\":{\"@id\":\"https:\\\/\\\/www.lesgrandsbuffets.com\\\/es\\\/el-gran-menu\\\/platos-calientes\\\/#primaryimage\"},\"thumbnailUrl\":\"https:\\\/\\\/www.lesgrandsbuffets.com\\\/wp-content\\\/uploads\\\/2025\\\/06\\\/buffet-plats-chauds.jpg\",\"datePublished\":\"2024-09-10T14:08:33+00:00\",\"dateModified\":\"2025-11-24T13:30:44+00:00\",\"description\":\"Asados, guisos y pescados nobles: saboree los cl\u00e1sicos franceses inspirados en Escoffier, servidos sin l\u00edmite en Les Grands Buffets, mediod\u00eda y noche.\",\"breadcrumb\":{\"@id\":\"https:\\\/\\\/www.lesgrandsbuffets.com\\\/es\\\/el-gran-menu\\\/platos-calientes\\\/#breadcrumb\"},\"inLanguage\":\"es\",\"potentialAction\":[{\"@type\":\"ReadAction\",\"target\":[\"https:\\\/\\\/www.lesgrandsbuffets.com\\\/es\\\/el-gran-menu\\\/platos-calientes\\\/\"]}]},{\"@type\":\"ImageObject\",\"inLanguage\":\"es\",\"@id\":\"https:\\\/\\\/www.lesgrandsbuffets.com\\\/es\\\/el-gran-menu\\\/platos-calientes\\\/#primaryimage\",\"url\":\"https:\\\/\\\/www.lesgrandsbuffets.com\\\/wp-content\\\/uploads\\\/2025\\\/06\\\/buffet-plats-chauds.jpg\",\"contentUrl\":\"https:\\\/\\\/www.lesgrandsbuffets.com\\\/wp-content\\\/uploads\\\/2025\\\/06\\\/buffet-plats-chauds.jpg\",\"width\":1920,\"height\":1080},{\"@type\":\"BreadcrumbList\",\"@id\":\"https:\\\/\\\/www.lesgrandsbuffets.com\\\/es\\\/el-gran-menu\\\/platos-calientes\\\/#breadcrumb\",\"itemListElement\":[{\"@type\":\"ListItem\",\"position\":1,\"name\":\"Accueil\",\"item\":\"https:\\\/\\\/www.lesgrandsbuffets.com\\\/es\\\/\"},{\"@type\":\"ListItem\",\"position\":2,\"name\":\"Le Grand Menu\",\"item\":\"https:\\\/\\\/www.lesgrandsbuffets.com\\\/es\\\/el-gran-menu\\\/\"},{\"@type\":\"ListItem\",\"position\":3,\"name\":\"Los platos calientes\"}]},{\"@type\":\"WebSite\",\"@id\":\"https:\\\/\\\/www.lesgrandsbuffets.com\\\/es\\\/#website\",\"url\":\"https:\\\/\\\/www.lesgrandsbuffets.com\\\/es\\\/\",\"name\":\"Les Grands Buffets\",\"description\":\"Maison fond\u00e9e en 1989\",\"publisher\":{\"@id\":\"https:\\\/\\\/www.lesgrandsbuffets.com\\\/es\\\/#organization\"},\"potentialAction\":[{\"@type\":\"SearchAction\",\"target\":{\"@type\":\"EntryPoint\",\"urlTemplate\":\"https:\\\/\\\/www.lesgrandsbuffets.com\\\/es\\\/?s={search_term_string}\"},\"query-input\":{\"@type\":\"PropertyValueSpecification\",\"valueRequired\":true,\"valueName\":\"search_term_string\"}}],\"inLanguage\":\"es\"},{\"@type\":\"Organization\",\"@id\":\"https:\\\/\\\/www.lesgrandsbuffets.com\\\/es\\\/#organization\",\"name\":\"Les Grands Buffets\",\"url\":\"https:\\\/\\\/www.lesgrandsbuffets.com\\\/es\\\/\",\"logo\":{\"@type\":\"ImageObject\",\"inLanguage\":\"es\",\"@id\":\"https:\\\/\\\/www.lesgrandsbuffets.com\\\/es\\\/#\\\/schema\\\/logo\\\/image\\\/\",\"url\":\"https:\\\/\\\/www.lesgrandsbuffets.com\\\/wp-content\\\/uploads\\\/2025\\\/08\\\/LOGO-GB-2205-BLANC-LGB-favicon-BG.png\",\"contentUrl\":\"https:\\\/\\\/www.lesgrandsbuffets.com\\\/wp-content\\\/uploads\\\/2025\\\/08\\\/LOGO-GB-2205-BLANC-LGB-favicon-BG.png\",\"width\":512,\"height\":512,\"caption\":\"Les Grands Buffets\"},\"image\":{\"@id\":\"https:\\\/\\\/www.lesgrandsbuffets.com\\\/es\\\/#\\\/schema\\\/logo\\\/image\\\/\"}}]}<\/script>\n<!-- \/ Yoast SEO plugin. -->","yoast_head_json":{"title":"Platos calientes a voluntad \u2013 Cocina de Auguste Escoffier","description":"Asados, guisos y pescados nobles: saboree los cl\u00e1sicos franceses inspirados en Escoffier, servidos sin l\u00edmite en Les Grands Buffets, mediod\u00eda y noche.","robots":{"index":"index","follow":"follow","max-snippet":"max-snippet:-1","max-image-preview":"max-image-preview:large","max-video-preview":"max-video-preview:-1"},"canonical":"https:\/\/www.lesgrandsbuffets.com\/es\/el-gran-menu\/platos-calientes\/","og_locale":"es_ES","og_type":"article","og_title":"Platos calientes a voluntad \u2013 Cocina de Auguste Escoffier","og_description":"Asados, guisos y pescados nobles: saboree los cl\u00e1sicos franceses inspirados en Escoffier, servidos sin l\u00edmite en Les Grands Buffets, mediod\u00eda y noche.","og_url":"https:\/\/www.lesgrandsbuffets.com\/es\/el-gran-menu\/platos-calientes\/","og_site_name":"Les Grands Buffets","article_modified_time":"2025-11-24T13:30:44+00:00","og_image":[{"width":1920,"height":1080,"url":"https:\/\/www.lesgrandsbuffets.com\/wp-content\/uploads\/2025\/06\/buffet-plats-chauds.jpg","type":"image\/jpeg"}],"twitter_card":"summary_large_image","twitter_misc":{"Tiempo de lectura":"1 minuto"},"schema":{"@context":"https:\/\/schema.org","@graph":[{"@type":"WebPage","@id":"https:\/\/www.lesgrandsbuffets.com\/es\/el-gran-menu\/platos-calientes\/","url":"https:\/\/www.lesgrandsbuffets.com\/es\/el-gran-menu\/platos-calientes\/","name":"Platos calientes a voluntad \u2013 Cocina de Auguste Escoffier","isPartOf":{"@id":"https:\/\/www.lesgrandsbuffets.com\/es\/#website"},"primaryImageOfPage":{"@id":"https:\/\/www.lesgrandsbuffets.com\/es\/el-gran-menu\/platos-calientes\/#primaryimage"},"image":{"@id":"https:\/\/www.lesgrandsbuffets.com\/es\/el-gran-menu\/platos-calientes\/#primaryimage"},"thumbnailUrl":"https:\/\/www.lesgrandsbuffets.com\/wp-content\/uploads\/2025\/06\/buffet-plats-chauds.jpg","datePublished":"2024-09-10T14:08:33+00:00","dateModified":"2025-11-24T13:30:44+00:00","description":"Asados, guisos y pescados nobles: saboree los cl\u00e1sicos franceses inspirados en Escoffier, servidos sin l\u00edmite en Les Grands Buffets, mediod\u00eda y noche.","breadcrumb":{"@id":"https:\/\/www.lesgrandsbuffets.com\/es\/el-gran-menu\/platos-calientes\/#breadcrumb"},"inLanguage":"es","potentialAction":[{"@type":"ReadAction","target":["https:\/\/www.lesgrandsbuffets.com\/es\/el-gran-menu\/platos-calientes\/"]}]},{"@type":"ImageObject","inLanguage":"es","@id":"https:\/\/www.lesgrandsbuffets.com\/es\/el-gran-menu\/platos-calientes\/#primaryimage","url":"https:\/\/www.lesgrandsbuffets.com\/wp-content\/uploads\/2025\/06\/buffet-plats-chauds.jpg","contentUrl":"https:\/\/www.lesgrandsbuffets.com\/wp-content\/uploads\/2025\/06\/buffet-plats-chauds.jpg","width":1920,"height":1080},{"@type":"BreadcrumbList","@id":"https:\/\/www.lesgrandsbuffets.com\/es\/el-gran-menu\/platos-calientes\/#breadcrumb","itemListElement":[{"@type":"ListItem","position":1,"name":"Accueil","item":"https:\/\/www.lesgrandsbuffets.com\/es\/"},{"@type":"ListItem","position":2,"name":"Le Grand Menu","item":"https:\/\/www.lesgrandsbuffets.com\/es\/el-gran-menu\/"},{"@type":"ListItem","position":3,"name":"Los platos calientes"}]},{"@type":"WebSite","@id":"https:\/\/www.lesgrandsbuffets.com\/es\/#website","url":"https:\/\/www.lesgrandsbuffets.com\/es\/","name":"Les Grands Buffets","description":"Maison fond\u00e9e en 1989","publisher":{"@id":"https:\/\/www.lesgrandsbuffets.com\/es\/#organization"},"potentialAction":[{"@type":"SearchAction","target":{"@type":"EntryPoint","urlTemplate":"https:\/\/www.lesgrandsbuffets.com\/es\/?s={search_term_string}"},"query-input":{"@type":"PropertyValueSpecification","valueRequired":true,"valueName":"search_term_string"}}],"inLanguage":"es"},{"@type":"Organization","@id":"https:\/\/www.lesgrandsbuffets.com\/es\/#organization","name":"Les Grands Buffets","url":"https:\/\/www.lesgrandsbuffets.com\/es\/","logo":{"@type":"ImageObject","inLanguage":"es","@id":"https:\/\/www.lesgrandsbuffets.com\/es\/#\/schema\/logo\/image\/","url":"https:\/\/www.lesgrandsbuffets.com\/wp-content\/uploads\/2025\/08\/LOGO-GB-2205-BLANC-LGB-favicon-BG.png","contentUrl":"https:\/\/www.lesgrandsbuffets.com\/wp-content\/uploads\/2025\/08\/LOGO-GB-2205-BLANC-LGB-favicon-BG.png","width":512,"height":512,"caption":"Les Grands Buffets"},"image":{"@id":"https:\/\/www.lesgrandsbuffets.com\/es\/#\/schema\/logo\/image\/"}}]}},"_links":{"self":[{"href":"https:\/\/www.lesgrandsbuffets.com\/es\/wp-json\/wp\/v2\/pages\/4116","targetHints":{"allow":["GET"]}}],"collection":[{"href":"https:\/\/www.lesgrandsbuffets.com\/es\/wp-json\/wp\/v2\/pages"}],"about":[{"href":"https:\/\/www.lesgrandsbuffets.com\/es\/wp-json\/wp\/v2\/types\/page"}],"author":[{"embeddable":true,"href":"https:\/\/www.lesgrandsbuffets.com\/es\/wp-json\/wp\/v2\/users\/1"}],"replies":[{"embeddable":true,"href":"https:\/\/www.lesgrandsbuffets.com\/es\/wp-json\/wp\/v2\/comments?post=4116"}],"version-history":[{"count":0,"href":"https:\/\/www.lesgrandsbuffets.com\/es\/wp-json\/wp\/v2\/pages\/4116\/revisions"}],"up":[{"embeddable":true,"href":"https:\/\/www.lesgrandsbuffets.com\/es\/wp-json\/wp\/v2\/pages\/4089"}],"wp:featuredmedia":[{"embeddable":true,"href":"https:\/\/www.lesgrandsbuffets.com\/es\/wp-json\/wp\/v2\/media\/6786"}],"wp:attachment":[{"href":"https:\/\/www.lesgrandsbuffets.com\/es\/wp-json\/wp\/v2\/media?parent=4116"}],"curies":[{"name":"wp","href":"https:\/\/api.w.org\/{rel}","templated":true}]}}