{"id":6075,"date":"2025-07-07T00:50:14","date_gmt":"2025-07-07T00:50:14","guid":{"rendered":"https:\/\/lgb.attraptemps.dev\/descubra-la-cote-du-midi\/excursiones-por-la-region-de-narbona\/"},"modified":"2025-06-26T19:50:52","modified_gmt":"2025-06-26T19:50:52","slug":"excursiones-region-narbona","status":"publish","type":"page","link":"https:\/\/www.lesgrandsbuffets.com\/es\/descubra-la-cote-du-midi\/excursiones-region-narbona\/","title":{"rendered":"Excursiones por la regi\u00f3n de Narbona"},"content":{"rendered":"","protected":false},"excerpt":{"rendered":"","protected":false},"author":4,"featured_media":0,"parent":4726,"menu_order":5,"comment_status":"closed","ping_status":"closed","template":"","meta":{"_acf_changed":false,"_et_pb_use_builder":"","_et_pb_old_content":"","_et_gb_content_width":"","footnotes":""},"class_list":["post-6075","page","type-page","status-publish","hentry"],"acf":[],"yoast_head":"<!-- This site is optimized with the Yoast SEO plugin v27.1.1 - https:\/\/yoast.com\/product\/yoast-seo-wordpress\/ -->\n<title>\u00a1Descubra las mejores direcciones del territorio narbonense!<\/title>\n<meta name=\"description\" content=\"Abad\u00edas, ciudades costeras, castillos c\u00e1taros: gu\u00eda expr\u00e9s de los imprescindibles con el restaurante de buffet libre Les Grands Buffets.\" \/>\n<meta name=\"robots\" content=\"index, follow, max-snippet:-1, max-image-preview:large, max-video-preview:-1\" \/>\n<link rel=\"canonical\" href=\"https:\/\/www.lesgrandsbuffets.com\/es\/descubra-la-cote-du-midi\/excursiones-region-narbona\/\" \/>\n<meta property=\"og:locale\" content=\"es_ES\" \/>\n<meta property=\"og:type\" content=\"article\" \/>\n<meta property=\"og:title\" content=\"\u00a1Descubra las mejores direcciones del territorio narbonense!\" \/>\n<meta property=\"og:description\" content=\"Abad\u00edas, ciudades costeras, castillos c\u00e1taros: gu\u00eda expr\u00e9s de los imprescindibles con el restaurante de buffet libre Les Grands Buffets.\" \/>\n<meta property=\"og:url\" content=\"https:\/\/www.lesgrandsbuffets.com\/es\/descubra-la-cote-du-midi\/excursiones-region-narbona\/\" \/>\n<meta property=\"og:site_name\" content=\"Les Grands Buffets\" \/>\n<meta name=\"twitter:card\" content=\"summary_large_image\" \/>\n<script type=\"application\/ld+json\" class=\"yoast-schema-graph\">{\"@context\":\"https:\/\/schema.org\",\"@graph\":[{\"@type\":\"WebPage\",\"@id\":\"https:\/\/www.lesgrandsbuffets.com\/es\/descubra-la-cote-du-midi\/excursiones-region-narbona\/\",\"url\":\"https:\/\/www.lesgrandsbuffets.com\/es\/descubra-la-cote-du-midi\/excursiones-region-narbona\/\",\"name\":\"\u00a1Descubra las mejores direcciones del territorio narbonense!\",\"isPartOf\":{\"@id\":\"https:\/\/www.lesgrandsbuffets.com\/es\/#website\"},\"datePublished\":\"2025-07-07T00:50:14+00:00\",\"description\":\"Abad\u00edas, ciudades costeras, castillos c\u00e1taros: gu\u00eda expr\u00e9s de los imprescindibles con el restaurante de buffet libre Les Grands Buffets.\",\"breadcrumb\":{\"@id\":\"https:\/\/www.lesgrandsbuffets.com\/es\/descubra-la-cote-du-midi\/excursiones-region-narbona\/#breadcrumb\"},\"inLanguage\":\"es\",\"potentialAction\":[{\"@type\":\"ReadAction\",\"target\":[\"https:\/\/www.lesgrandsbuffets.com\/es\/descubra-la-cote-du-midi\/excursiones-region-narbona\/\"]}]},{\"@type\":\"BreadcrumbList\",\"@id\":\"https:\/\/www.lesgrandsbuffets.com\/es\/descubra-la-cote-du-midi\/excursiones-region-narbona\/#breadcrumb\",\"itemListElement\":[{\"@type\":\"ListItem\",\"position\":1,\"name\":\"Accueil\",\"item\":\"https:\/\/www.lesgrandsbuffets.com\/es\/\"},{\"@type\":\"ListItem\",\"position\":2,\"name\":\"D\u00e9couvrir la c\u00f4te du midi\",\"item\":\"https:\/\/www.lesgrandsbuffets.com\/es\/descubra-la-cote-du-midi\/\"},{\"@type\":\"ListItem\",\"position\":3,\"name\":\"Excursiones por la regi\u00f3n de Narbona\"}]},{\"@type\":\"WebSite\",\"@id\":\"https:\/\/www.lesgrandsbuffets.com\/es\/#website\",\"url\":\"https:\/\/www.lesgrandsbuffets.com\/es\/\",\"name\":\"Les Grands Buffets\",\"description\":\"Maison fond\u00e9e en 1989\",\"publisher\":{\"@id\":\"https:\/\/www.lesgrandsbuffets.com\/es\/#organization\"},\"potentialAction\":[{\"@type\":\"SearchAction\",\"target\":{\"@type\":\"EntryPoint\",\"urlTemplate\":\"https:\/\/www.lesgrandsbuffets.com\/es\/?s={search_term_string}\"},\"query-input\":{\"@type\":\"PropertyValueSpecification\",\"valueRequired\":true,\"valueName\":\"search_term_string\"}}],\"inLanguage\":\"es\"},{\"@type\":\"Organization\",\"@id\":\"https:\/\/www.lesgrandsbuffets.com\/es\/#organization\",\"name\":\"Les Grands Buffets\",\"url\":\"https:\/\/www.lesgrandsbuffets.com\/es\/\",\"logo\":{\"@type\":\"ImageObject\",\"inLanguage\":\"es\",\"@id\":\"https:\/\/www.lesgrandsbuffets.com\/es\/#\/schema\/logo\/image\/\",\"url\":\"https:\/\/www.lesgrandsbuffets.com\/wp-content\/uploads\/2025\/08\/LOGO-GB-2205-BLANC-LGB-favicon-BG.png\",\"contentUrl\":\"https:\/\/www.lesgrandsbuffets.com\/wp-content\/uploads\/2025\/08\/LOGO-GB-2205-BLANC-LGB-favicon-BG.png\",\"width\":512,\"height\":512,\"caption\":\"Les Grands Buffets\"},\"image\":{\"@id\":\"https:\/\/www.lesgrandsbuffets.com\/es\/#\/schema\/logo\/image\/\"}}]}<\/script>\n<!-- \/ Yoast SEO plugin. -->","yoast_head_json":{"title":"\u00a1Descubra las mejores direcciones del territorio narbonense!","description":"Abad\u00edas, ciudades costeras, castillos c\u00e1taros: gu\u00eda expr\u00e9s de los imprescindibles con el restaurante de buffet libre Les Grands Buffets.","robots":{"index":"index","follow":"follow","max-snippet":"max-snippet:-1","max-image-preview":"max-image-preview:large","max-video-preview":"max-video-preview:-1"},"canonical":"https:\/\/www.lesgrandsbuffets.com\/es\/descubra-la-cote-du-midi\/excursiones-region-narbona\/","og_locale":"es_ES","og_type":"article","og_title":"\u00a1Descubra las mejores direcciones del territorio narbonense!","og_description":"Abad\u00edas, ciudades costeras, castillos c\u00e1taros: gu\u00eda expr\u00e9s de los imprescindibles con el restaurante de buffet libre Les Grands Buffets.","og_url":"https:\/\/www.lesgrandsbuffets.com\/es\/descubra-la-cote-du-midi\/excursiones-region-narbona\/","og_site_name":"Les Grands Buffets","twitter_card":"summary_large_image","schema":{"@context":"https:\/\/schema.org","@graph":[{"@type":"WebPage","@id":"https:\/\/www.lesgrandsbuffets.com\/es\/descubra-la-cote-du-midi\/excursiones-region-narbona\/","url":"https:\/\/www.lesgrandsbuffets.com\/es\/descubra-la-cote-du-midi\/excursiones-region-narbona\/","name":"\u00a1Descubra las mejores direcciones del territorio narbonense!","isPartOf":{"@id":"https:\/\/www.lesgrandsbuffets.com\/es\/#website"},"datePublished":"2025-07-07T00:50:14+00:00","description":"Abad\u00edas, ciudades costeras, castillos c\u00e1taros: gu\u00eda expr\u00e9s de los imprescindibles con el restaurante de buffet libre Les Grands Buffets.","breadcrumb":{"@id":"https:\/\/www.lesgrandsbuffets.com\/es\/descubra-la-cote-du-midi\/excursiones-region-narbona\/#breadcrumb"},"inLanguage":"es","potentialAction":[{"@type":"ReadAction","target":["https:\/\/www.lesgrandsbuffets.com\/es\/descubra-la-cote-du-midi\/excursiones-region-narbona\/"]}]},{"@type":"BreadcrumbList","@id":"https:\/\/www.lesgrandsbuffets.com\/es\/descubra-la-cote-du-midi\/excursiones-region-narbona\/#breadcrumb","itemListElement":[{"@type":"ListItem","position":1,"name":"Accueil","item":"https:\/\/www.lesgrandsbuffets.com\/es\/"},{"@type":"ListItem","position":2,"name":"D\u00e9couvrir la c\u00f4te du midi","item":"https:\/\/www.lesgrandsbuffets.com\/es\/descubra-la-cote-du-midi\/"},{"@type":"ListItem","position":3,"name":"Excursiones por la regi\u00f3n de Narbona"}]},{"@type":"WebSite","@id":"https:\/\/www.lesgrandsbuffets.com\/es\/#website","url":"https:\/\/www.lesgrandsbuffets.com\/es\/","name":"Les Grands Buffets","description":"Maison fond\u00e9e en 1989","publisher":{"@id":"https:\/\/www.lesgrandsbuffets.com\/es\/#organization"},"potentialAction":[{"@type":"SearchAction","target":{"@type":"EntryPoint","urlTemplate":"https:\/\/www.lesgrandsbuffets.com\/es\/?s={search_term_string}"},"query-input":{"@type":"PropertyValueSpecification","valueRequired":true,"valueName":"search_term_string"}}],"inLanguage":"es"},{"@type":"Organization","@id":"https:\/\/www.lesgrandsbuffets.com\/es\/#organization","name":"Les Grands Buffets","url":"https:\/\/www.lesgrandsbuffets.com\/es\/","logo":{"@type":"ImageObject","inLanguage":"es","@id":"https:\/\/www.lesgrandsbuffets.com\/es\/#\/schema\/logo\/image\/","url":"https:\/\/www.lesgrandsbuffets.com\/wp-content\/uploads\/2025\/08\/LOGO-GB-2205-BLANC-LGB-favicon-BG.png","contentUrl":"https:\/\/www.lesgrandsbuffets.com\/wp-content\/uploads\/2025\/08\/LOGO-GB-2205-BLANC-LGB-favicon-BG.png","width":512,"height":512,"caption":"Les Grands Buffets"},"image":{"@id":"https:\/\/www.lesgrandsbuffets.com\/es\/#\/schema\/logo\/image\/"}}]}},"_links":{"self":[{"href":"https:\/\/www.lesgrandsbuffets.com\/es\/wp-json\/wp\/v2\/pages\/6075","targetHints":{"allow":["GET"]}}],"collection":[{"href":"https:\/\/www.lesgrandsbuffets.com\/es\/wp-json\/wp\/v2\/pages"}],"about":[{"href":"https:\/\/www.lesgrandsbuffets.com\/es\/wp-json\/wp\/v2\/types\/page"}],"author":[{"embeddable":true,"href":"https:\/\/www.lesgrandsbuffets.com\/es\/wp-json\/wp\/v2\/users\/4"}],"replies":[{"embeddable":true,"href":"https:\/\/www.lesgrandsbuffets.com\/es\/wp-json\/wp\/v2\/comments?post=6075"}],"version-history":[{"count":0,"href":"https:\/\/www.lesgrandsbuffets.com\/es\/wp-json\/wp\/v2\/pages\/6075\/revisions"}],"up":[{"embeddable":true,"href":"https:\/\/www.lesgrandsbuffets.com\/es\/wp-json\/wp\/v2\/pages\/4726"}],"wp:attachment":[{"href":"https:\/\/www.lesgrandsbuffets.com\/es\/wp-json\/wp\/v2\/media?parent=6075"}],"curies":[{"name":"wp","href":"https:\/\/api.w.org\/{rel}","templated":true}]}}