{"id":1696,"date":"2023-12-14T11:54:35","date_gmt":"2023-12-14T11:54:35","guid":{"rendered":"https:\/\/lgb.attraptemps.dev\/?page_id=1696"},"modified":"2024-06-24T14:19:35","modified_gmt":"2024-06-24T14:19:35","slug":"prevenir-de-mon-retard","status":"publish","type":"page","link":"https:\/\/www.lesgrandsbuffets.com\/fr\/contact\/vous-avez-une-reservation\/prevenir-de-mon-retard\/","title":{"rendered":"Pr\u00e9venir de mon retard"},"content":{"rendered":"<p><span style=\"font-weight: 400;\">Un num\u00e9ro de t\u00e9l\u00e9phone est d\u00e9di\u00e9 <\/span><b>EXCLUSIVEMENT <\/b><b>aux clients ayant une r\u00e9servation pour le service \u00e0 venir et souhaitant signaler leur retard <\/b><span style=\"font-weight: 400;\">au restaurant.<\/span><\/p>\n<div class=\"info-msg\">Il ne sera pas donn\u00e9 de suite \u00e0 toute demande ne concernant pas un probl\u00e8me rencontr\u00e9 lors de votre venue<\/div>\n<p><span style=\"font-weight: 400;\">Appelez le <\/span><span style=\"font-weight: 400;\">04 XX XX XX XX<\/span><span style=\"font-weight: 400;\"> afin de transmettre les informations suivantes \u00e0 notre op\u00e9rateur ou de nous laisser votre message\u00a0:<\/span><\/p>\n<ul>\n<li style=\"font-weight: 400;\" aria-level=\"1\"><span style=\"font-weight: 400;\">Le num\u00e9ro de votre r\u00e9servaton du jour<\/span><\/li>\n<li style=\"font-weight: 400;\" aria-level=\"1\"><span style=\"font-weight: 400;\">Vos nom et pr\u00e9nom<\/span><\/li>\n<li style=\"font-weight: 400;\" aria-level=\"1\"><span style=\"font-weight: 400;\">Votre num\u00e9ro de t\u00e9l\u00e9phone<\/span><\/li>\n<li style=\"font-weight: 400;\" aria-level=\"1\"><span style=\"font-weight: 400;\">La date et l\u2019heure de votre r\u00e9servation au restaurant<\/span><\/li>\n<li style=\"font-weight: 400;\" aria-level=\"1\"><span style=\"font-weight: 400;\">Votre num\u00e9ro de r\u00e9servation<\/span><\/li>\n<\/ul>\n<div class=\"info-msg\">Il ne sera pas donn\u00e9 de suite \u00e0 toute demande ne concernant pas un probl\u00e8me rencontr\u00e9 lors de votre venue<\/div>\n","protected":false},"excerpt":{"rendered":"<p>Un num\u00e9ro de t\u00e9l\u00e9phone est d\u00e9di\u00e9 EXCLUSIVEMENT aux clients ayant une r\u00e9servation pour le service \u00e0 venir et souhaitant signaler leur retard au restaurant. Il ne sera pas donn\u00e9 de suite \u00e0 toute demande ne concernant pas un probl\u00e8me rencontr\u00e9 lors de votre venue Appelez le 04 XX XX XX XX afin de transmettre les [&hellip;]<\/p>\n","protected":false},"author":1,"featured_media":0,"parent":1739,"menu_order":0,"comment_status":"closed","ping_status":"closed","template":"","meta":{"_acf_changed":false,"_et_pb_use_builder":"","_et_pb_old_content":"","_et_gb_content_width":"","footnotes":""},"class_list":["post-1696","page","type-page","status-publish","hentry"],"acf":[],"yoast_head":"<!-- This site is optimized with the Yoast SEO plugin v27.4 - https:\/\/yoast.com\/product\/yoast-seo-wordpress\/ -->\n<title>Pr\u00e9venir de mon retard - Les Grands Buffets<\/title>\n<meta name=\"robots\" content=\"index, follow, max-snippet:-1, max-image-preview:large, max-video-preview:-1\" \/>\n<link rel=\"canonical\" href=\"https:\/\/www.lesgrandsbuffets.com\/fr\/contact\/vous-avez-une-reservation\/prevenir-de-mon-retard\/\" \/>\n<meta property=\"og:locale\" content=\"fr_FR\" \/>\n<meta property=\"og:type\" content=\"article\" \/>\n<meta property=\"og:title\" content=\"Pr\u00e9venir de mon retard - Les Grands Buffets\" \/>\n<meta property=\"og:description\" content=\"Un num\u00e9ro de t\u00e9l\u00e9phone est d\u00e9di\u00e9 EXCLUSIVEMENT aux clients ayant une r\u00e9servation pour le service \u00e0 venir et souhaitant signaler leur retard au restaurant. Il ne sera pas donn\u00e9 de suite \u00e0 toute demande ne concernant pas un probl\u00e8me rencontr\u00e9 lors de votre venue Appelez le 04 XX XX XX XX afin de transmettre les [&hellip;]\" \/>\n<meta property=\"og:url\" content=\"https:\/\/www.lesgrandsbuffets.com\/fr\/contact\/vous-avez-une-reservation\/prevenir-de-mon-retard\/\" \/>\n<meta property=\"og:site_name\" content=\"Les Grands Buffets\" \/>\n<meta property=\"article:modified_time\" content=\"2024-06-24T14:19:35+00:00\" \/>\n<meta name=\"twitter:card\" content=\"summary_large_image\" \/>\n<meta name=\"twitter:label1\" content=\"Dur\u00e9e de lecture estim\u00e9e\" \/>\n\t<meta name=\"twitter:data1\" content=\"1 minute\" \/>\n<script type=\"application\/ld+json\" class=\"yoast-schema-graph\">{\"@context\":\"https:\\\/\\\/schema.org\",\"@graph\":[{\"@type\":\"WebPage\",\"@id\":\"https:\\\/\\\/www.lesgrandsbuffets.com\\\/fr\\\/contact\\\/vous-avez-une-reservation\\\/prevenir-de-mon-retard\\\/\",\"url\":\"https:\\\/\\\/www.lesgrandsbuffets.com\\\/fr\\\/contact\\\/vous-avez-une-reservation\\\/prevenir-de-mon-retard\\\/\",\"name\":\"Pr\u00e9venir de mon retard - Les Grands Buffets\",\"isPartOf\":{\"@id\":\"https:\\\/\\\/www.lesgrandsbuffets.com\\\/fr\\\/#website\"},\"datePublished\":\"2023-12-14T11:54:35+00:00\",\"dateModified\":\"2024-06-24T14:19:35+00:00\",\"breadcrumb\":{\"@id\":\"https:\\\/\\\/www.lesgrandsbuffets.com\\\/fr\\\/contact\\\/vous-avez-une-reservation\\\/prevenir-de-mon-retard\\\/#breadcrumb\"},\"inLanguage\":\"fr-FR\",\"potentialAction\":[{\"@type\":\"ReadAction\",\"target\":[\"https:\\\/\\\/www.lesgrandsbuffets.com\\\/fr\\\/contact\\\/vous-avez-une-reservation\\\/prevenir-de-mon-retard\\\/\"]}]},{\"@type\":\"BreadcrumbList\",\"@id\":\"https:\\\/\\\/www.lesgrandsbuffets.com\\\/fr\\\/contact\\\/vous-avez-une-reservation\\\/prevenir-de-mon-retard\\\/#breadcrumb\",\"itemListElement\":[{\"@type\":\"ListItem\",\"position\":1,\"name\":\"Accueil\",\"item\":\"https:\\\/\\\/www.lesgrandsbuffets.com\\\/fr\\\/\"},{\"@type\":\"ListItem\",\"position\":2,\"name\":\"Contact\",\"item\":\"https:\\\/\\\/www.lesgrandsbuffets.com\\\/fr\\\/contact\\\/\"},{\"@type\":\"ListItem\",\"position\":3,\"name\":\"Vous avez une r\u00e9servation\",\"item\":\"https:\\\/\\\/www.lesgrandsbuffets.com\\\/fr\\\/?page_id=1739\"},{\"@type\":\"ListItem\",\"position\":4,\"name\":\"Pr\u00e9venir de mon retard\"}]},{\"@type\":\"WebSite\",\"@id\":\"https:\\\/\\\/www.lesgrandsbuffets.com\\\/fr\\\/#website\",\"url\":\"https:\\\/\\\/www.lesgrandsbuffets.com\\\/fr\\\/\",\"name\":\"Les Grands Buffets\",\"description\":\"Maison fond\u00e9e en 1989\",\"publisher\":{\"@id\":\"https:\\\/\\\/www.lesgrandsbuffets.com\\\/fr\\\/#organization\"},\"potentialAction\":[{\"@type\":\"SearchAction\",\"target\":{\"@type\":\"EntryPoint\",\"urlTemplate\":\"https:\\\/\\\/www.lesgrandsbuffets.com\\\/fr\\\/?s={search_term_string}\"},\"query-input\":{\"@type\":\"PropertyValueSpecification\",\"valueRequired\":true,\"valueName\":\"search_term_string\"}}],\"inLanguage\":\"fr-FR\"},{\"@type\":\"Organization\",\"@id\":\"https:\\\/\\\/www.lesgrandsbuffets.com\\\/fr\\\/#organization\",\"name\":\"Les Grands Buffets\",\"url\":\"https:\\\/\\\/www.lesgrandsbuffets.com\\\/fr\\\/\",\"logo\":{\"@type\":\"ImageObject\",\"inLanguage\":\"fr-FR\",\"@id\":\"https:\\\/\\\/www.lesgrandsbuffets.com\\\/fr\\\/#\\\/schema\\\/logo\\\/image\\\/\",\"url\":\"https:\\\/\\\/www.lesgrandsbuffets.com\\\/wp-content\\\/uploads\\\/2025\\\/08\\\/LOGO-GB-2205-BLANC-LGB-favicon-BG.png\",\"contentUrl\":\"https:\\\/\\\/www.lesgrandsbuffets.com\\\/wp-content\\\/uploads\\\/2025\\\/08\\\/LOGO-GB-2205-BLANC-LGB-favicon-BG.png\",\"width\":512,\"height\":512,\"caption\":\"Les Grands Buffets\"},\"image\":{\"@id\":\"https:\\\/\\\/www.lesgrandsbuffets.com\\\/fr\\\/#\\\/schema\\\/logo\\\/image\\\/\"}}]}<\/script>\n<!-- \/ Yoast SEO plugin. -->","yoast_head_json":{"title":"Pr\u00e9venir de mon retard - Les Grands Buffets","robots":{"index":"index","follow":"follow","max-snippet":"max-snippet:-1","max-image-preview":"max-image-preview:large","max-video-preview":"max-video-preview:-1"},"canonical":"https:\/\/www.lesgrandsbuffets.com\/fr\/contact\/vous-avez-une-reservation\/prevenir-de-mon-retard\/","og_locale":"fr_FR","og_type":"article","og_title":"Pr\u00e9venir de mon retard - Les Grands Buffets","og_description":"Un num\u00e9ro de t\u00e9l\u00e9phone est d\u00e9di\u00e9 EXCLUSIVEMENT aux clients ayant une r\u00e9servation pour le service \u00e0 venir et souhaitant signaler leur retard au restaurant. Il ne sera pas donn\u00e9 de suite \u00e0 toute demande ne concernant pas un probl\u00e8me rencontr\u00e9 lors de votre venue Appelez le 04 XX XX XX XX afin de transmettre les [&hellip;]","og_url":"https:\/\/www.lesgrandsbuffets.com\/fr\/contact\/vous-avez-une-reservation\/prevenir-de-mon-retard\/","og_site_name":"Les Grands Buffets","article_modified_time":"2024-06-24T14:19:35+00:00","twitter_card":"summary_large_image","twitter_misc":{"Dur\u00e9e de lecture estim\u00e9e":"1 minute"},"schema":{"@context":"https:\/\/schema.org","@graph":[{"@type":"WebPage","@id":"https:\/\/www.lesgrandsbuffets.com\/fr\/contact\/vous-avez-une-reservation\/prevenir-de-mon-retard\/","url":"https:\/\/www.lesgrandsbuffets.com\/fr\/contact\/vous-avez-une-reservation\/prevenir-de-mon-retard\/","name":"Pr\u00e9venir de mon retard - Les Grands Buffets","isPartOf":{"@id":"https:\/\/www.lesgrandsbuffets.com\/fr\/#website"},"datePublished":"2023-12-14T11:54:35+00:00","dateModified":"2024-06-24T14:19:35+00:00","breadcrumb":{"@id":"https:\/\/www.lesgrandsbuffets.com\/fr\/contact\/vous-avez-une-reservation\/prevenir-de-mon-retard\/#breadcrumb"},"inLanguage":"fr-FR","potentialAction":[{"@type":"ReadAction","target":["https:\/\/www.lesgrandsbuffets.com\/fr\/contact\/vous-avez-une-reservation\/prevenir-de-mon-retard\/"]}]},{"@type":"BreadcrumbList","@id":"https:\/\/www.lesgrandsbuffets.com\/fr\/contact\/vous-avez-une-reservation\/prevenir-de-mon-retard\/#breadcrumb","itemListElement":[{"@type":"ListItem","position":1,"name":"Accueil","item":"https:\/\/www.lesgrandsbuffets.com\/fr\/"},{"@type":"ListItem","position":2,"name":"Contact","item":"https:\/\/www.lesgrandsbuffets.com\/fr\/contact\/"},{"@type":"ListItem","position":3,"name":"Vous avez une r\u00e9servation","item":"https:\/\/www.lesgrandsbuffets.com\/fr\/?page_id=1739"},{"@type":"ListItem","position":4,"name":"Pr\u00e9venir de mon retard"}]},{"@type":"WebSite","@id":"https:\/\/www.lesgrandsbuffets.com\/fr\/#website","url":"https:\/\/www.lesgrandsbuffets.com\/fr\/","name":"Les Grands Buffets","description":"Maison fond\u00e9e en 1989","publisher":{"@id":"https:\/\/www.lesgrandsbuffets.com\/fr\/#organization"},"potentialAction":[{"@type":"SearchAction","target":{"@type":"EntryPoint","urlTemplate":"https:\/\/www.lesgrandsbuffets.com\/fr\/?s={search_term_string}"},"query-input":{"@type":"PropertyValueSpecification","valueRequired":true,"valueName":"search_term_string"}}],"inLanguage":"fr-FR"},{"@type":"Organization","@id":"https:\/\/www.lesgrandsbuffets.com\/fr\/#organization","name":"Les Grands Buffets","url":"https:\/\/www.lesgrandsbuffets.com\/fr\/","logo":{"@type":"ImageObject","inLanguage":"fr-FR","@id":"https:\/\/www.lesgrandsbuffets.com\/fr\/#\/schema\/logo\/image\/","url":"https:\/\/www.lesgrandsbuffets.com\/wp-content\/uploads\/2025\/08\/LOGO-GB-2205-BLANC-LGB-favicon-BG.png","contentUrl":"https:\/\/www.lesgrandsbuffets.com\/wp-content\/uploads\/2025\/08\/LOGO-GB-2205-BLANC-LGB-favicon-BG.png","width":512,"height":512,"caption":"Les Grands Buffets"},"image":{"@id":"https:\/\/www.lesgrandsbuffets.com\/fr\/#\/schema\/logo\/image\/"}}]}},"_links":{"self":[{"href":"https:\/\/www.lesgrandsbuffets.com\/fr\/wp-json\/wp\/v2\/pages\/1696","targetHints":{"allow":["GET"]}}],"collection":[{"href":"https:\/\/www.lesgrandsbuffets.com\/fr\/wp-json\/wp\/v2\/pages"}],"about":[{"href":"https:\/\/www.lesgrandsbuffets.com\/fr\/wp-json\/wp\/v2\/types\/page"}],"author":[{"embeddable":true,"href":"https:\/\/www.lesgrandsbuffets.com\/fr\/wp-json\/wp\/v2\/users\/1"}],"replies":[{"embeddable":true,"href":"https:\/\/www.lesgrandsbuffets.com\/fr\/wp-json\/wp\/v2\/comments?post=1696"}],"version-history":[{"count":0,"href":"https:\/\/www.lesgrandsbuffets.com\/fr\/wp-json\/wp\/v2\/pages\/1696\/revisions"}],"up":[{"embeddable":true,"href":"https:\/\/www.lesgrandsbuffets.com\/fr\/wp-json\/wp\/v2\/pages\/1739"}],"wp:attachment":[{"href":"https:\/\/www.lesgrandsbuffets.com\/fr\/wp-json\/wp\/v2\/media?parent=1696"}],"curies":[{"name":"wp","href":"https:\/\/api.w.org\/{rel}","templated":true}]}}