{"id":1999,"date":"2024-05-02T08:28:49","date_gmt":"2024-05-02T08:28:49","guid":{"rendered":"https:\/\/lgb.attraptemps.dev\/?page_id=1999"},"modified":"2024-07-10T13:20:49","modified_gmt":"2024-07-10T13:20:49","slug":"modifier-la-reservation","status":"publish","type":"page","link":"https:\/\/www.lesgrandsbuffets.com\/fr\/contact\/vous-avez-une-reservation\/modifier-la-reservation\/","title":{"rendered":"Modifier la r\u00e9servation"},"content":{"rendered":"<p><span style=\"font-weight: 400;\">Votre r\u00e9servation est <\/span><b>non modifiable<\/b><span style=\"font-weight: 400;\">, vous ne pouvez en modifier ni la date ni l\u2019heure selon les <\/span><a href=\"https:\/\/www.lesgrandsbuffets.com\/wp-content\/uploads\/2024\/07\/cgv_lgb.pdf\"><span style=\"font-weight: 400;\">Conditions G\u00e9n\u00e9rales<\/span><span style=\"font-weight: 400;\">.<\/span><\/a><span style=\"font-weight: 400;\"><br \/>\n<\/span><span style=\"font-weight: 400;\">Si vous souhaitez modifier la date ou l\u2019heure de votre r\u00e9servation, il vous faut proc\u00e9der \u00e0 une nouvelle r\u00e9servation puis annuler votre r\u00e9servation initiale comme pr\u00e9cis\u00e9 dans les <\/span><a href=\"https:\/\/www.lesgrandsbuffets.com\/wp-content\/uploads\/2024\/07\/cgv_lgb.pdf\"><span style=\"font-weight: 400;\">Conditions G\u00e9n\u00e9rales<\/span><\/a><span style=\"font-weight: 400;\">.<\/span><\/p>\n<p><span style=\"font-weight: 400;\">Pour toute annulation, les frais de dossier de 5\u20ac par personne qui vous avaient \u00e9t\u00e9 offerts en cas de pr\u00e9sence au repas vous seront factur\u00e9s.<\/span><\/p>\n<p><span style=\"font-weight: 400;\">Les <\/span><b>frais de dossier de 5\u20ac par personne ne vous seront pas factur\u00e9s<\/b><span style=\"font-weight: 400;\"> au moment de l\u2019annulation<\/span><b> si vous avez souscrit l\u2019option \u00ab\u00a0Annulation sans frais de dossier\u00a0\u00bb <\/b><span style=\"font-weight: 400;\">au moment de votre prise de r\u00e9servation.<\/span><\/p>\n","protected":false},"excerpt":{"rendered":"<p>Votre r\u00e9servation est non modifiable, vous ne pouvez en modifier ni la date ni l\u2019heure selon les Conditions G\u00e9n\u00e9rales. Si vous souhaitez modifier la date ou l\u2019heure de votre r\u00e9servation, il vous faut proc\u00e9der \u00e0 une nouvelle r\u00e9servation puis annuler votre r\u00e9servation initiale comme pr\u00e9cis\u00e9 dans les Conditions G\u00e9n\u00e9rales. Pour toute annulation, les frais de [&hellip;]<\/p>\n","protected":false},"author":1,"featured_media":0,"parent":1739,"menu_order":0,"comment_status":"closed","ping_status":"closed","template":"","meta":{"_acf_changed":false,"_et_pb_use_builder":"","_et_pb_old_content":"","_et_gb_content_width":"","footnotes":""},"class_list":["post-1999","page","type-page","status-publish","hentry"],"acf":[],"yoast_head":"<!-- This site is optimized with the Yoast SEO plugin v27.4 - https:\/\/yoast.com\/product\/yoast-seo-wordpress\/ -->\n<title>Modifier la r\u00e9servation - Les Grands Buffets<\/title>\n<meta name=\"robots\" content=\"index, follow, max-snippet:-1, max-image-preview:large, max-video-preview:-1\" \/>\n<link rel=\"canonical\" href=\"https:\/\/www.lesgrandsbuffets.com\/fr\/contact\/vous-avez-une-reservation\/modifier-la-reservation\/\" \/>\n<meta property=\"og:locale\" content=\"fr_FR\" \/>\n<meta property=\"og:type\" content=\"article\" \/>\n<meta property=\"og:title\" content=\"Modifier la r\u00e9servation - Les Grands Buffets\" \/>\n<meta property=\"og:description\" content=\"Votre r\u00e9servation est non modifiable, vous ne pouvez en modifier ni la date ni l\u2019heure selon les Conditions G\u00e9n\u00e9rales. Si vous souhaitez modifier la date ou l\u2019heure de votre r\u00e9servation, il vous faut proc\u00e9der \u00e0 une nouvelle r\u00e9servation puis annuler votre r\u00e9servation initiale comme pr\u00e9cis\u00e9 dans les Conditions G\u00e9n\u00e9rales. Pour toute annulation, les frais de [&hellip;]\" \/>\n<meta property=\"og:url\" content=\"https:\/\/www.lesgrandsbuffets.com\/fr\/contact\/vous-avez-une-reservation\/modifier-la-reservation\/\" \/>\n<meta property=\"og:site_name\" content=\"Les Grands Buffets\" \/>\n<meta property=\"article:modified_time\" content=\"2024-07-10T13:20:49+00:00\" \/>\n<meta name=\"twitter:card\" content=\"summary_large_image\" \/>\n<meta name=\"twitter:label1\" content=\"Dur\u00e9e de lecture estim\u00e9e\" \/>\n\t<meta name=\"twitter:data1\" content=\"1 minute\" \/>\n<script type=\"application\/ld+json\" class=\"yoast-schema-graph\">{\"@context\":\"https:\\\/\\\/schema.org\",\"@graph\":[{\"@type\":\"WebPage\",\"@id\":\"https:\\\/\\\/www.lesgrandsbuffets.com\\\/fr\\\/contact\\\/vous-avez-une-reservation\\\/modifier-la-reservation\\\/\",\"url\":\"https:\\\/\\\/www.lesgrandsbuffets.com\\\/fr\\\/contact\\\/vous-avez-une-reservation\\\/modifier-la-reservation\\\/\",\"name\":\"Modifier la r\u00e9servation - Les Grands Buffets\",\"isPartOf\":{\"@id\":\"https:\\\/\\\/www.lesgrandsbuffets.com\\\/fr\\\/#website\"},\"datePublished\":\"2024-05-02T08:28:49+00:00\",\"dateModified\":\"2024-07-10T13:20:49+00:00\",\"breadcrumb\":{\"@id\":\"https:\\\/\\\/www.lesgrandsbuffets.com\\\/fr\\\/contact\\\/vous-avez-une-reservation\\\/modifier-la-reservation\\\/#breadcrumb\"},\"inLanguage\":\"fr-FR\",\"potentialAction\":[{\"@type\":\"ReadAction\",\"target\":[\"https:\\\/\\\/www.lesgrandsbuffets.com\\\/fr\\\/contact\\\/vous-avez-une-reservation\\\/modifier-la-reservation\\\/\"]}]},{\"@type\":\"BreadcrumbList\",\"@id\":\"https:\\\/\\\/www.lesgrandsbuffets.com\\\/fr\\\/contact\\\/vous-avez-une-reservation\\\/modifier-la-reservation\\\/#breadcrumb\",\"itemListElement\":[{\"@type\":\"ListItem\",\"position\":1,\"name\":\"Accueil\",\"item\":\"https:\\\/\\\/www.lesgrandsbuffets.com\\\/fr\\\/\"},{\"@type\":\"ListItem\",\"position\":2,\"name\":\"Contact\",\"item\":\"https:\\\/\\\/www.lesgrandsbuffets.com\\\/fr\\\/contact\\\/\"},{\"@type\":\"ListItem\",\"position\":3,\"name\":\"Vous avez une r\u00e9servation\",\"item\":\"https:\\\/\\\/www.lesgrandsbuffets.com\\\/fr\\\/?page_id=1739\"},{\"@type\":\"ListItem\",\"position\":4,\"name\":\"Modifier la r\u00e9servation\"}]},{\"@type\":\"WebSite\",\"@id\":\"https:\\\/\\\/www.lesgrandsbuffets.com\\\/fr\\\/#website\",\"url\":\"https:\\\/\\\/www.lesgrandsbuffets.com\\\/fr\\\/\",\"name\":\"Les Grands Buffets\",\"description\":\"Maison fond\u00e9e en 1989\",\"publisher\":{\"@id\":\"https:\\\/\\\/www.lesgrandsbuffets.com\\\/fr\\\/#organization\"},\"potentialAction\":[{\"@type\":\"SearchAction\",\"target\":{\"@type\":\"EntryPoint\",\"urlTemplate\":\"https:\\\/\\\/www.lesgrandsbuffets.com\\\/fr\\\/?s={search_term_string}\"},\"query-input\":{\"@type\":\"PropertyValueSpecification\",\"valueRequired\":true,\"valueName\":\"search_term_string\"}}],\"inLanguage\":\"fr-FR\"},{\"@type\":\"Organization\",\"@id\":\"https:\\\/\\\/www.lesgrandsbuffets.com\\\/fr\\\/#organization\",\"name\":\"Les Grands Buffets\",\"url\":\"https:\\\/\\\/www.lesgrandsbuffets.com\\\/fr\\\/\",\"logo\":{\"@type\":\"ImageObject\",\"inLanguage\":\"fr-FR\",\"@id\":\"https:\\\/\\\/www.lesgrandsbuffets.com\\\/fr\\\/#\\\/schema\\\/logo\\\/image\\\/\",\"url\":\"https:\\\/\\\/www.lesgrandsbuffets.com\\\/wp-content\\\/uploads\\\/2025\\\/08\\\/LOGO-GB-2205-BLANC-LGB-favicon-BG.png\",\"contentUrl\":\"https:\\\/\\\/www.lesgrandsbuffets.com\\\/wp-content\\\/uploads\\\/2025\\\/08\\\/LOGO-GB-2205-BLANC-LGB-favicon-BG.png\",\"width\":512,\"height\":512,\"caption\":\"Les Grands Buffets\"},\"image\":{\"@id\":\"https:\\\/\\\/www.lesgrandsbuffets.com\\\/fr\\\/#\\\/schema\\\/logo\\\/image\\\/\"}}]}<\/script>\n<!-- \/ Yoast SEO plugin. -->","yoast_head_json":{"title":"Modifier la r\u00e9servation - Les Grands Buffets","robots":{"index":"index","follow":"follow","max-snippet":"max-snippet:-1","max-image-preview":"max-image-preview:large","max-video-preview":"max-video-preview:-1"},"canonical":"https:\/\/www.lesgrandsbuffets.com\/fr\/contact\/vous-avez-une-reservation\/modifier-la-reservation\/","og_locale":"fr_FR","og_type":"article","og_title":"Modifier la r\u00e9servation - Les Grands Buffets","og_description":"Votre r\u00e9servation est non modifiable, vous ne pouvez en modifier ni la date ni l\u2019heure selon les Conditions G\u00e9n\u00e9rales. Si vous souhaitez modifier la date ou l\u2019heure de votre r\u00e9servation, il vous faut proc\u00e9der \u00e0 une nouvelle r\u00e9servation puis annuler votre r\u00e9servation initiale comme pr\u00e9cis\u00e9 dans les Conditions G\u00e9n\u00e9rales. Pour toute annulation, les frais de [&hellip;]","og_url":"https:\/\/www.lesgrandsbuffets.com\/fr\/contact\/vous-avez-une-reservation\/modifier-la-reservation\/","og_site_name":"Les Grands Buffets","article_modified_time":"2024-07-10T13:20:49+00:00","twitter_card":"summary_large_image","twitter_misc":{"Dur\u00e9e de lecture estim\u00e9e":"1 minute"},"schema":{"@context":"https:\/\/schema.org","@graph":[{"@type":"WebPage","@id":"https:\/\/www.lesgrandsbuffets.com\/fr\/contact\/vous-avez-une-reservation\/modifier-la-reservation\/","url":"https:\/\/www.lesgrandsbuffets.com\/fr\/contact\/vous-avez-une-reservation\/modifier-la-reservation\/","name":"Modifier la r\u00e9servation - Les Grands Buffets","isPartOf":{"@id":"https:\/\/www.lesgrandsbuffets.com\/fr\/#website"},"datePublished":"2024-05-02T08:28:49+00:00","dateModified":"2024-07-10T13:20:49+00:00","breadcrumb":{"@id":"https:\/\/www.lesgrandsbuffets.com\/fr\/contact\/vous-avez-une-reservation\/modifier-la-reservation\/#breadcrumb"},"inLanguage":"fr-FR","potentialAction":[{"@type":"ReadAction","target":["https:\/\/www.lesgrandsbuffets.com\/fr\/contact\/vous-avez-une-reservation\/modifier-la-reservation\/"]}]},{"@type":"BreadcrumbList","@id":"https:\/\/www.lesgrandsbuffets.com\/fr\/contact\/vous-avez-une-reservation\/modifier-la-reservation\/#breadcrumb","itemListElement":[{"@type":"ListItem","position":1,"name":"Accueil","item":"https:\/\/www.lesgrandsbuffets.com\/fr\/"},{"@type":"ListItem","position":2,"name":"Contact","item":"https:\/\/www.lesgrandsbuffets.com\/fr\/contact\/"},{"@type":"ListItem","position":3,"name":"Vous avez une r\u00e9servation","item":"https:\/\/www.lesgrandsbuffets.com\/fr\/?page_id=1739"},{"@type":"ListItem","position":4,"name":"Modifier la r\u00e9servation"}]},{"@type":"WebSite","@id":"https:\/\/www.lesgrandsbuffets.com\/fr\/#website","url":"https:\/\/www.lesgrandsbuffets.com\/fr\/","name":"Les Grands Buffets","description":"Maison fond\u00e9e en 1989","publisher":{"@id":"https:\/\/www.lesgrandsbuffets.com\/fr\/#organization"},"potentialAction":[{"@type":"SearchAction","target":{"@type":"EntryPoint","urlTemplate":"https:\/\/www.lesgrandsbuffets.com\/fr\/?s={search_term_string}"},"query-input":{"@type":"PropertyValueSpecification","valueRequired":true,"valueName":"search_term_string"}}],"inLanguage":"fr-FR"},{"@type":"Organization","@id":"https:\/\/www.lesgrandsbuffets.com\/fr\/#organization","name":"Les Grands Buffets","url":"https:\/\/www.lesgrandsbuffets.com\/fr\/","logo":{"@type":"ImageObject","inLanguage":"fr-FR","@id":"https:\/\/www.lesgrandsbuffets.com\/fr\/#\/schema\/logo\/image\/","url":"https:\/\/www.lesgrandsbuffets.com\/wp-content\/uploads\/2025\/08\/LOGO-GB-2205-BLANC-LGB-favicon-BG.png","contentUrl":"https:\/\/www.lesgrandsbuffets.com\/wp-content\/uploads\/2025\/08\/LOGO-GB-2205-BLANC-LGB-favicon-BG.png","width":512,"height":512,"caption":"Les Grands Buffets"},"image":{"@id":"https:\/\/www.lesgrandsbuffets.com\/fr\/#\/schema\/logo\/image\/"}}]}},"_links":{"self":[{"href":"https:\/\/www.lesgrandsbuffets.com\/fr\/wp-json\/wp\/v2\/pages\/1999","targetHints":{"allow":["GET"]}}],"collection":[{"href":"https:\/\/www.lesgrandsbuffets.com\/fr\/wp-json\/wp\/v2\/pages"}],"about":[{"href":"https:\/\/www.lesgrandsbuffets.com\/fr\/wp-json\/wp\/v2\/types\/page"}],"author":[{"embeddable":true,"href":"https:\/\/www.lesgrandsbuffets.com\/fr\/wp-json\/wp\/v2\/users\/1"}],"replies":[{"embeddable":true,"href":"https:\/\/www.lesgrandsbuffets.com\/fr\/wp-json\/wp\/v2\/comments?post=1999"}],"version-history":[{"count":0,"href":"https:\/\/www.lesgrandsbuffets.com\/fr\/wp-json\/wp\/v2\/pages\/1999\/revisions"}],"up":[{"embeddable":true,"href":"https:\/\/www.lesgrandsbuffets.com\/fr\/wp-json\/wp\/v2\/pages\/1739"}],"wp:attachment":[{"href":"https:\/\/www.lesgrandsbuffets.com\/fr\/wp-json\/wp\/v2\/media?parent=1999"}],"curies":[{"name":"wp","href":"https:\/\/api.w.org\/{rel}","templated":true}]}}