{"id":2,"date":"2023-02-14T17:05:07","date_gmt":"2023-02-14T17:05:07","guid":{"rendered":"https:\/\/www.lesgrandsbuffets.com\/?page_id=2"},"modified":"2026-02-02T09:58:18","modified_gmt":"2026-02-02T09:58:18","slug":"index","status":"publish","type":"page","link":"https:\/\/www.lesgrandsbuffets.com\/fr\/","title":{"rendered":"Accueil"},"content":{"rendered":"","protected":false},"excerpt":{"rendered":"","protected":false},"author":1,"featured_media":0,"parent":0,"menu_order":0,"comment_status":"closed","ping_status":"closed","template":"","meta":{"_acf_changed":false,"_et_pb_use_builder":"","_et_pb_old_content":"","_et_gb_content_width":"","footnotes":""},"class_list":["post-2","page","type-page","status-publish","hentry"],"acf":[],"yoast_head":"<!-- This site is optimized with the Yoast SEO plugin v27.1.1 - https:\/\/yoast.com\/product\/yoast-seo-wordpress\/ -->\n<title>Les Grands Buffets : Restaurant de Buffets \u00e0 volont\u00e9 \u00e0 Narbonne<\/title>\n<meta name=\"description\" content=\"Restaurant \u00e0 volont\u00e9 haut de gamme : cuisine d\u2019Escoffier, 111 fromages, vins au prix producteur. R\u00e9servez votre festin \u00e0 Narbonne !\" \/>\n<meta name=\"robots\" content=\"index, follow, max-snippet:-1, max-image-preview:large, max-video-preview:-1\" \/>\n<link rel=\"canonical\" href=\"https:\/\/www.lesgrandsbuffets.com\/fr\/\" \/>\n<meta property=\"og:locale\" content=\"fr_FR\" \/>\n<meta property=\"og:type\" content=\"article\" \/>\n<meta property=\"og:title\" content=\"Les Grands Buffets : Restaurant de Buffets \u00e0 volont\u00e9 \u00e0 Narbonne\" \/>\n<meta property=\"og:description\" content=\"Restaurant \u00e0 volont\u00e9 haut de gamme : cuisine d\u2019Escoffier, 111 fromages, vins au prix producteur. R\u00e9servez votre festin \u00e0 Narbonne !\" \/>\n<meta property=\"og:url\" content=\"https:\/\/www.lesgrandsbuffets.com\/fr\/\" \/>\n<meta property=\"og:site_name\" content=\"Les Grands Buffets\" \/>\n<meta property=\"article:modified_time\" content=\"2026-02-02T09:58:18+00:00\" \/>\n<meta name=\"twitter:card\" content=\"summary_large_image\" \/>\n<script type=\"application\/ld+json\" class=\"yoast-schema-graph\">{\"@context\":\"https:\/\/schema.org\",\"@graph\":[{\"@type\":\"WebPage\",\"@id\":\"https:\/\/www.lesgrandsbuffets.com\/fr\/\",\"url\":\"https:\/\/www.lesgrandsbuffets.com\/fr\/\",\"name\":\"Les Grands Buffets : Restaurant de Buffets \u00e0 volont\u00e9 \u00e0 Narbonne\",\"isPartOf\":{\"@id\":\"https:\/\/www.lesgrandsbuffets.com\/fr\/#website\"},\"datePublished\":\"2023-02-14T17:05:07+00:00\",\"dateModified\":\"2026-02-02T09:58:18+00:00\",\"description\":\"Restaurant \u00e0 volont\u00e9 haut de gamme : cuisine d\u2019Escoffier, 111 fromages, vins au prix producteur. R\u00e9servez votre festin \u00e0 Narbonne !\",\"breadcrumb\":{\"@id\":\"https:\/\/www.lesgrandsbuffets.com\/fr\/#breadcrumb\"},\"inLanguage\":\"fr-FR\",\"potentialAction\":[{\"@type\":\"ReadAction\",\"target\":[\"https:\/\/www.lesgrandsbuffets.com\/fr\/\"]}]},{\"@type\":\"BreadcrumbList\",\"@id\":\"https:\/\/www.lesgrandsbuffets.com\/fr\/#breadcrumb\",\"itemListElement\":[{\"@type\":\"ListItem\",\"position\":1,\"name\":\"Accueil\",\"item\":\"https:\/\/www.lesgrandsbuffets.com\/fr\/\"},{\"@type\":\"ListItem\",\"position\":2,\"name\":\"Accueil\"}]},{\"@type\":\"WebSite\",\"@id\":\"https:\/\/www.lesgrandsbuffets.com\/fr\/#website\",\"url\":\"https:\/\/www.lesgrandsbuffets.com\/fr\/\",\"name\":\"Les Grands Buffets\",\"description\":\"Maison fond\u00e9e en 1989\",\"publisher\":{\"@id\":\"https:\/\/www.lesgrandsbuffets.com\/fr\/#organization\"},\"potentialAction\":[{\"@type\":\"SearchAction\",\"target\":{\"@type\":\"EntryPoint\",\"urlTemplate\":\"https:\/\/www.lesgrandsbuffets.com\/fr\/?s={search_term_string}\"},\"query-input\":{\"@type\":\"PropertyValueSpecification\",\"valueRequired\":true,\"valueName\":\"search_term_string\"}}],\"inLanguage\":\"fr-FR\"},{\"@type\":\"Organization\",\"@id\":\"https:\/\/www.lesgrandsbuffets.com\/fr\/#organization\",\"name\":\"Les Grands Buffets\",\"url\":\"https:\/\/www.lesgrandsbuffets.com\/fr\/\",\"logo\":{\"@type\":\"ImageObject\",\"inLanguage\":\"fr-FR\",\"@id\":\"https:\/\/www.lesgrandsbuffets.com\/fr\/#\/schema\/logo\/image\/\",\"url\":\"https:\/\/www.lesgrandsbuffets.com\/wp-content\/uploads\/2025\/08\/LOGO-GB-2205-BLANC-LGB-favicon-BG.png\",\"contentUrl\":\"https:\/\/www.lesgrandsbuffets.com\/wp-content\/uploads\/2025\/08\/LOGO-GB-2205-BLANC-LGB-favicon-BG.png\",\"width\":512,\"height\":512,\"caption\":\"Les Grands Buffets\"},\"image\":{\"@id\":\"https:\/\/www.lesgrandsbuffets.com\/fr\/#\/schema\/logo\/image\/\"}}]}<\/script>\n<!-- \/ Yoast SEO plugin. -->","yoast_head_json":{"title":"Les Grands Buffets : Restaurant de Buffets \u00e0 volont\u00e9 \u00e0 Narbonne","description":"Restaurant \u00e0 volont\u00e9 haut de gamme : cuisine d\u2019Escoffier, 111 fromages, vins au prix producteur. R\u00e9servez votre festin \u00e0 Narbonne !","robots":{"index":"index","follow":"follow","max-snippet":"max-snippet:-1","max-image-preview":"max-image-preview:large","max-video-preview":"max-video-preview:-1"},"canonical":"https:\/\/www.lesgrandsbuffets.com\/fr\/","og_locale":"fr_FR","og_type":"article","og_title":"Les Grands Buffets : Restaurant de Buffets \u00e0 volont\u00e9 \u00e0 Narbonne","og_description":"Restaurant \u00e0 volont\u00e9 haut de gamme : cuisine d\u2019Escoffier, 111 fromages, vins au prix producteur. R\u00e9servez votre festin \u00e0 Narbonne !","og_url":"https:\/\/www.lesgrandsbuffets.com\/fr\/","og_site_name":"Les Grands Buffets","article_modified_time":"2026-02-02T09:58:18+00:00","twitter_card":"summary_large_image","schema":{"@context":"https:\/\/schema.org","@graph":[{"@type":"WebPage","@id":"https:\/\/www.lesgrandsbuffets.com\/fr\/","url":"https:\/\/www.lesgrandsbuffets.com\/fr\/","name":"Les Grands Buffets : Restaurant de Buffets \u00e0 volont\u00e9 \u00e0 Narbonne","isPartOf":{"@id":"https:\/\/www.lesgrandsbuffets.com\/fr\/#website"},"datePublished":"2023-02-14T17:05:07+00:00","dateModified":"2026-02-02T09:58:18+00:00","description":"Restaurant \u00e0 volont\u00e9 haut de gamme : cuisine d\u2019Escoffier, 111 fromages, vins au prix producteur. R\u00e9servez votre festin \u00e0 Narbonne !","breadcrumb":{"@id":"https:\/\/www.lesgrandsbuffets.com\/fr\/#breadcrumb"},"inLanguage":"fr-FR","potentialAction":[{"@type":"ReadAction","target":["https:\/\/www.lesgrandsbuffets.com\/fr\/"]}]},{"@type":"BreadcrumbList","@id":"https:\/\/www.lesgrandsbuffets.com\/fr\/#breadcrumb","itemListElement":[{"@type":"ListItem","position":1,"name":"Accueil","item":"https:\/\/www.lesgrandsbuffets.com\/fr\/"},{"@type":"ListItem","position":2,"name":"Accueil"}]},{"@type":"WebSite","@id":"https:\/\/www.lesgrandsbuffets.com\/fr\/#website","url":"https:\/\/www.lesgrandsbuffets.com\/fr\/","name":"Les Grands Buffets","description":"Maison fond\u00e9e en 1989","publisher":{"@id":"https:\/\/www.lesgrandsbuffets.com\/fr\/#organization"},"potentialAction":[{"@type":"SearchAction","target":{"@type":"EntryPoint","urlTemplate":"https:\/\/www.lesgrandsbuffets.com\/fr\/?s={search_term_string}"},"query-input":{"@type":"PropertyValueSpecification","valueRequired":true,"valueName":"search_term_string"}}],"inLanguage":"fr-FR"},{"@type":"Organization","@id":"https:\/\/www.lesgrandsbuffets.com\/fr\/#organization","name":"Les Grands Buffets","url":"https:\/\/www.lesgrandsbuffets.com\/fr\/","logo":{"@type":"ImageObject","inLanguage":"fr-FR","@id":"https:\/\/www.lesgrandsbuffets.com\/fr\/#\/schema\/logo\/image\/","url":"https:\/\/www.lesgrandsbuffets.com\/wp-content\/uploads\/2025\/08\/LOGO-GB-2205-BLANC-LGB-favicon-BG.png","contentUrl":"https:\/\/www.lesgrandsbuffets.com\/wp-content\/uploads\/2025\/08\/LOGO-GB-2205-BLANC-LGB-favicon-BG.png","width":512,"height":512,"caption":"Les Grands Buffets"},"image":{"@id":"https:\/\/www.lesgrandsbuffets.com\/fr\/#\/schema\/logo\/image\/"}}]}},"_links":{"self":[{"href":"https:\/\/www.lesgrandsbuffets.com\/fr\/wp-json\/wp\/v2\/pages\/2","targetHints":{"allow":["GET"]}}],"collection":[{"href":"https:\/\/www.lesgrandsbuffets.com\/fr\/wp-json\/wp\/v2\/pages"}],"about":[{"href":"https:\/\/www.lesgrandsbuffets.com\/fr\/wp-json\/wp\/v2\/types\/page"}],"author":[{"embeddable":true,"href":"https:\/\/www.lesgrandsbuffets.com\/fr\/wp-json\/wp\/v2\/users\/1"}],"replies":[{"embeddable":true,"href":"https:\/\/www.lesgrandsbuffets.com\/fr\/wp-json\/wp\/v2\/comments?post=2"}],"version-history":[{"count":0,"href":"https:\/\/www.lesgrandsbuffets.com\/fr\/wp-json\/wp\/v2\/pages\/2\/revisions"}],"wp:attachment":[{"href":"https:\/\/www.lesgrandsbuffets.com\/fr\/wp-json\/wp\/v2\/media?parent=2"}],"curies":[{"name":"wp","href":"https:\/\/api.w.org\/{rel}","templated":true}]}}