{"id":2007,"date":"2024-05-02T08:31:17","date_gmt":"2024-05-02T08:31:17","guid":{"rendered":"https:\/\/lgb.attraptemps.dev\/?page_id=2007"},"modified":"2024-07-10T13:20:37","modified_gmt":"2024-07-10T13:20:37","slug":"contestation","status":"publish","type":"page","link":"https:\/\/www.lesgrandsbuffets.com\/fr\/contact\/vous-avez-une-reservation\/contestation\/","title":{"rendered":"Contestation"},"content":{"rendered":"<p><span style=\"font-weight: 400;\">Il vous a \u00e9t\u00e9 factur\u00e9 des frais de dossier, des indemnit\u00e9s d\u2019annulation ou de non pr\u00e9sentation (No Show) et vous souhaitez les contester ?<\/span><\/p>\n<p><span style=\"font-weight: 400;\">Vous pouvez obtenir un remboursement si vous \u00eates dans un des cas d\u2019exon\u00e9ration list\u00e9s aux <\/span><a href=\"https:\/\/www.lesgrandsbuffets.com\/wp-content\/uploads\/2024\/07\/cgv_lgb.pdf\"><span style=\"font-weight: 400;\">Conditions G\u00e9n\u00e9rales<\/span><\/a><span style=\"font-weight: 400;\">, vous devez nous faire parvenir votre demande d\u2019exon\u00e9ration accompagn\u00e9e des pi\u00e8ces justificatives par courrier postal recommand\u00e9 \u00e0 l\u2019adresse ci-dessous en nous pr\u00e9cisant vos nom, pr\u00e9nom, num\u00e9ro de r\u00e9servation, la date du repas ainsi que le motif de contestation.<\/span><\/p>\n<p><span style=\"font-weight: 400;\">Les Grands Buffets<\/span><span style=\"font-weight: 400;\"><br \/>\n<\/span><span style=\"font-weight: 400;\">Giratoire de la Libert\u00e9<\/span><span style=\"font-weight: 400;\"><br \/>\n<\/span><span style=\"font-weight: 400;\">11100 Narbonne<\/span><\/p>\n","protected":false},"excerpt":{"rendered":"<p>Il vous a \u00e9t\u00e9 factur\u00e9 des frais de dossier, des indemnit\u00e9s d\u2019annulation ou de non pr\u00e9sentation (No Show) et vous souhaitez les contester ? Vous pouvez obtenir un remboursement si vous \u00eates dans un des cas d\u2019exon\u00e9ration list\u00e9s aux Conditions G\u00e9n\u00e9rales, vous devez nous faire parvenir votre demande d\u2019exon\u00e9ration accompagn\u00e9e des pi\u00e8ces justificatives par courrier [&hellip;]<\/p>\n","protected":false},"author":1,"featured_media":0,"parent":1739,"menu_order":0,"comment_status":"closed","ping_status":"closed","template":"","meta":{"_acf_changed":false,"_et_pb_use_builder":"","_et_pb_old_content":"","_et_gb_content_width":"","footnotes":""},"class_list":["post-2007","page","type-page","status-publish","hentry"],"acf":[],"yoast_head":"<!-- This site is optimized with the Yoast SEO plugin v27.1.1 - https:\/\/yoast.com\/product\/yoast-seo-wordpress\/ -->\n<title>Contestation - Les Grands Buffets<\/title>\n<meta name=\"robots\" content=\"index, follow, max-snippet:-1, max-image-preview:large, max-video-preview:-1\" \/>\n<link rel=\"canonical\" href=\"https:\/\/www.lesgrandsbuffets.com\/fr\/contact\/vous-avez-une-reservation\/contestation\/\" \/>\n<meta property=\"og:locale\" content=\"fr_FR\" \/>\n<meta property=\"og:type\" content=\"article\" \/>\n<meta property=\"og:title\" content=\"Contestation - Les Grands Buffets\" \/>\n<meta property=\"og:description\" content=\"Il vous a \u00e9t\u00e9 factur\u00e9 des frais de dossier, des indemnit\u00e9s d\u2019annulation ou de non pr\u00e9sentation (No Show) et vous souhaitez les contester ? Vous pouvez obtenir un remboursement si vous \u00eates dans un des cas d\u2019exon\u00e9ration list\u00e9s aux Conditions G\u00e9n\u00e9rales, vous devez nous faire parvenir votre demande d\u2019exon\u00e9ration accompagn\u00e9e des pi\u00e8ces justificatives par courrier [&hellip;]\" \/>\n<meta property=\"og:url\" content=\"https:\/\/www.lesgrandsbuffets.com\/fr\/contact\/vous-avez-une-reservation\/contestation\/\" \/>\n<meta property=\"og:site_name\" content=\"Les Grands Buffets\" \/>\n<meta property=\"article:modified_time\" content=\"2024-07-10T13:20:37+00:00\" \/>\n<meta name=\"twitter:card\" content=\"summary_large_image\" \/>\n<meta name=\"twitter:label1\" content=\"Dur\u00e9e de lecture estim\u00e9e\" \/>\n\t<meta name=\"twitter:data1\" content=\"1 minute\" \/>\n<script type=\"application\/ld+json\" class=\"yoast-schema-graph\">{\"@context\":\"https:\/\/schema.org\",\"@graph\":[{\"@type\":\"WebPage\",\"@id\":\"https:\/\/www.lesgrandsbuffets.com\/fr\/contact\/vous-avez-une-reservation\/contestation\/\",\"url\":\"https:\/\/www.lesgrandsbuffets.com\/fr\/contact\/vous-avez-une-reservation\/contestation\/\",\"name\":\"Contestation - Les Grands Buffets\",\"isPartOf\":{\"@id\":\"https:\/\/www.lesgrandsbuffets.com\/fr\/#website\"},\"datePublished\":\"2024-05-02T08:31:17+00:00\",\"dateModified\":\"2024-07-10T13:20:37+00:00\",\"breadcrumb\":{\"@id\":\"https:\/\/www.lesgrandsbuffets.com\/fr\/contact\/vous-avez-une-reservation\/contestation\/#breadcrumb\"},\"inLanguage\":\"fr-FR\",\"potentialAction\":[{\"@type\":\"ReadAction\",\"target\":[\"https:\/\/www.lesgrandsbuffets.com\/fr\/contact\/vous-avez-une-reservation\/contestation\/\"]}]},{\"@type\":\"BreadcrumbList\",\"@id\":\"https:\/\/www.lesgrandsbuffets.com\/fr\/contact\/vous-avez-une-reservation\/contestation\/#breadcrumb\",\"itemListElement\":[{\"@type\":\"ListItem\",\"position\":1,\"name\":\"Accueil\",\"item\":\"https:\/\/www.lesgrandsbuffets.com\/fr\/\"},{\"@type\":\"ListItem\",\"position\":2,\"name\":\"Contact\",\"item\":\"https:\/\/www.lesgrandsbuffets.com\/fr\/contact\/\"},{\"@type\":\"ListItem\",\"position\":3,\"name\":\"Vous avez une r\u00e9servation\",\"item\":\"https:\/\/www.lesgrandsbuffets.com\/fr\/?page_id=1739\"},{\"@type\":\"ListItem\",\"position\":4,\"name\":\"Contestation\"}]},{\"@type\":\"WebSite\",\"@id\":\"https:\/\/www.lesgrandsbuffets.com\/fr\/#website\",\"url\":\"https:\/\/www.lesgrandsbuffets.com\/fr\/\",\"name\":\"Les Grands Buffets\",\"description\":\"Maison fond\u00e9e en 1989\",\"publisher\":{\"@id\":\"https:\/\/www.lesgrandsbuffets.com\/fr\/#organization\"},\"potentialAction\":[{\"@type\":\"SearchAction\",\"target\":{\"@type\":\"EntryPoint\",\"urlTemplate\":\"https:\/\/www.lesgrandsbuffets.com\/fr\/?s={search_term_string}\"},\"query-input\":{\"@type\":\"PropertyValueSpecification\",\"valueRequired\":true,\"valueName\":\"search_term_string\"}}],\"inLanguage\":\"fr-FR\"},{\"@type\":\"Organization\",\"@id\":\"https:\/\/www.lesgrandsbuffets.com\/fr\/#organization\",\"name\":\"Les Grands Buffets\",\"url\":\"https:\/\/www.lesgrandsbuffets.com\/fr\/\",\"logo\":{\"@type\":\"ImageObject\",\"inLanguage\":\"fr-FR\",\"@id\":\"https:\/\/www.lesgrandsbuffets.com\/fr\/#\/schema\/logo\/image\/\",\"url\":\"https:\/\/www.lesgrandsbuffets.com\/wp-content\/uploads\/2025\/08\/LOGO-GB-2205-BLANC-LGB-favicon-BG.png\",\"contentUrl\":\"https:\/\/www.lesgrandsbuffets.com\/wp-content\/uploads\/2025\/08\/LOGO-GB-2205-BLANC-LGB-favicon-BG.png\",\"width\":512,\"height\":512,\"caption\":\"Les Grands Buffets\"},\"image\":{\"@id\":\"https:\/\/www.lesgrandsbuffets.com\/fr\/#\/schema\/logo\/image\/\"}}]}<\/script>\n<!-- \/ Yoast SEO plugin. -->","yoast_head_json":{"title":"Contestation - Les Grands Buffets","robots":{"index":"index","follow":"follow","max-snippet":"max-snippet:-1","max-image-preview":"max-image-preview:large","max-video-preview":"max-video-preview:-1"},"canonical":"https:\/\/www.lesgrandsbuffets.com\/fr\/contact\/vous-avez-une-reservation\/contestation\/","og_locale":"fr_FR","og_type":"article","og_title":"Contestation - Les Grands Buffets","og_description":"Il vous a \u00e9t\u00e9 factur\u00e9 des frais de dossier, des indemnit\u00e9s d\u2019annulation ou de non pr\u00e9sentation (No Show) et vous souhaitez les contester ? Vous pouvez obtenir un remboursement si vous \u00eates dans un des cas d\u2019exon\u00e9ration list\u00e9s aux Conditions G\u00e9n\u00e9rales, vous devez nous faire parvenir votre demande d\u2019exon\u00e9ration accompagn\u00e9e des pi\u00e8ces justificatives par courrier [&hellip;]","og_url":"https:\/\/www.lesgrandsbuffets.com\/fr\/contact\/vous-avez-une-reservation\/contestation\/","og_site_name":"Les Grands Buffets","article_modified_time":"2024-07-10T13:20:37+00:00","twitter_card":"summary_large_image","twitter_misc":{"Dur\u00e9e de lecture estim\u00e9e":"1 minute"},"schema":{"@context":"https:\/\/schema.org","@graph":[{"@type":"WebPage","@id":"https:\/\/www.lesgrandsbuffets.com\/fr\/contact\/vous-avez-une-reservation\/contestation\/","url":"https:\/\/www.lesgrandsbuffets.com\/fr\/contact\/vous-avez-une-reservation\/contestation\/","name":"Contestation - Les Grands Buffets","isPartOf":{"@id":"https:\/\/www.lesgrandsbuffets.com\/fr\/#website"},"datePublished":"2024-05-02T08:31:17+00:00","dateModified":"2024-07-10T13:20:37+00:00","breadcrumb":{"@id":"https:\/\/www.lesgrandsbuffets.com\/fr\/contact\/vous-avez-une-reservation\/contestation\/#breadcrumb"},"inLanguage":"fr-FR","potentialAction":[{"@type":"ReadAction","target":["https:\/\/www.lesgrandsbuffets.com\/fr\/contact\/vous-avez-une-reservation\/contestation\/"]}]},{"@type":"BreadcrumbList","@id":"https:\/\/www.lesgrandsbuffets.com\/fr\/contact\/vous-avez-une-reservation\/contestation\/#breadcrumb","itemListElement":[{"@type":"ListItem","position":1,"name":"Accueil","item":"https:\/\/www.lesgrandsbuffets.com\/fr\/"},{"@type":"ListItem","position":2,"name":"Contact","item":"https:\/\/www.lesgrandsbuffets.com\/fr\/contact\/"},{"@type":"ListItem","position":3,"name":"Vous avez une r\u00e9servation","item":"https:\/\/www.lesgrandsbuffets.com\/fr\/?page_id=1739"},{"@type":"ListItem","position":4,"name":"Contestation"}]},{"@type":"WebSite","@id":"https:\/\/www.lesgrandsbuffets.com\/fr\/#website","url":"https:\/\/www.lesgrandsbuffets.com\/fr\/","name":"Les Grands Buffets","description":"Maison fond\u00e9e en 1989","publisher":{"@id":"https:\/\/www.lesgrandsbuffets.com\/fr\/#organization"},"potentialAction":[{"@type":"SearchAction","target":{"@type":"EntryPoint","urlTemplate":"https:\/\/www.lesgrandsbuffets.com\/fr\/?s={search_term_string}"},"query-input":{"@type":"PropertyValueSpecification","valueRequired":true,"valueName":"search_term_string"}}],"inLanguage":"fr-FR"},{"@type":"Organization","@id":"https:\/\/www.lesgrandsbuffets.com\/fr\/#organization","name":"Les Grands Buffets","url":"https:\/\/www.lesgrandsbuffets.com\/fr\/","logo":{"@type":"ImageObject","inLanguage":"fr-FR","@id":"https:\/\/www.lesgrandsbuffets.com\/fr\/#\/schema\/logo\/image\/","url":"https:\/\/www.lesgrandsbuffets.com\/wp-content\/uploads\/2025\/08\/LOGO-GB-2205-BLANC-LGB-favicon-BG.png","contentUrl":"https:\/\/www.lesgrandsbuffets.com\/wp-content\/uploads\/2025\/08\/LOGO-GB-2205-BLANC-LGB-favicon-BG.png","width":512,"height":512,"caption":"Les Grands Buffets"},"image":{"@id":"https:\/\/www.lesgrandsbuffets.com\/fr\/#\/schema\/logo\/image\/"}}]}},"_links":{"self":[{"href":"https:\/\/www.lesgrandsbuffets.com\/fr\/wp-json\/wp\/v2\/pages\/2007","targetHints":{"allow":["GET"]}}],"collection":[{"href":"https:\/\/www.lesgrandsbuffets.com\/fr\/wp-json\/wp\/v2\/pages"}],"about":[{"href":"https:\/\/www.lesgrandsbuffets.com\/fr\/wp-json\/wp\/v2\/types\/page"}],"author":[{"embeddable":true,"href":"https:\/\/www.lesgrandsbuffets.com\/fr\/wp-json\/wp\/v2\/users\/1"}],"replies":[{"embeddable":true,"href":"https:\/\/www.lesgrandsbuffets.com\/fr\/wp-json\/wp\/v2\/comments?post=2007"}],"version-history":[{"count":0,"href":"https:\/\/www.lesgrandsbuffets.com\/fr\/wp-json\/wp\/v2\/pages\/2007\/revisions"}],"up":[{"embeddable":true,"href":"https:\/\/www.lesgrandsbuffets.com\/fr\/wp-json\/wp\/v2\/pages\/1739"}],"wp:attachment":[{"href":"https:\/\/www.lesgrandsbuffets.com\/fr\/wp-json\/wp\/v2\/media?parent=2007"}],"curies":[{"name":"wp","href":"https:\/\/api.w.org\/{rel}","templated":true}]}}