{"id":2955,"date":"2024-07-22T14:32:07","date_gmt":"2024-07-22T14:32:07","guid":{"rendered":"https:\/\/lgb.attraptemps.dev\/?page_id=2955"},"modified":"2025-10-03T14:33:35","modified_gmt":"2025-10-03T14:33:35","slug":"desserts-flambes","status":"publish","type":"page","link":"https:\/\/www.lesgrandsbuffets.com\/fr\/le-grand-menu\/desserts-flambes\/","title":{"rendered":"Les desserts flamb\u00e9s"},"content":{"rendered":"","protected":false},"excerpt":{"rendered":"","protected":false},"author":1,"featured_media":8933,"parent":547,"menu_order":0,"comment_status":"closed","ping_status":"closed","template":"","meta":{"_acf_changed":false,"_et_pb_use_builder":"","_et_pb_old_content":"","_et_gb_content_width":"","footnotes":""},"class_list":["post-2955","page","type-page","status-publish","has-post-thumbnail","hentry"],"acf":[],"yoast_head":"<!-- This site is optimized with the Yoast SEO plugin v27.4 - https:\/\/yoast.com\/product\/yoast-seo-wordpress\/ -->\n<title>Desserts flamb\u00e9s \u00e0 volont\u00e9 \u2013 Cr\u00e9ations Escoffier<\/title>\n<meta name=\"description\" content=\"Cr\u00eapes, entremets et fruits flamb\u00e9s devant vous perp\u00e9tuent le savoir-faire d\u2019Escoffier pour une fin de repas spectaculaire et illimit\u00e9e.\" \/>\n<meta name=\"robots\" content=\"index, follow, max-snippet:-1, max-image-preview:large, max-video-preview:-1\" \/>\n<link rel=\"canonical\" href=\"https:\/\/www.lesgrandsbuffets.com\/fr\/le-grand-menu\/desserts-flambes\/\" \/>\n<meta property=\"og:locale\" content=\"fr_FR\" \/>\n<meta property=\"og:type\" content=\"article\" \/>\n<meta property=\"og:title\" content=\"Desserts flamb\u00e9s \u00e0 volont\u00e9 \u2013 Cr\u00e9ations Escoffier\" \/>\n<meta property=\"og:description\" content=\"Cr\u00eapes, entremets et fruits flamb\u00e9s devant vous perp\u00e9tuent le savoir-faire d\u2019Escoffier pour une fin de repas spectaculaire et illimit\u00e9e.\" \/>\n<meta property=\"og:url\" content=\"https:\/\/www.lesgrandsbuffets.com\/fr\/le-grand-menu\/desserts-flambes\/\" \/>\n<meta property=\"og:site_name\" content=\"Les Grands Buffets\" \/>\n<meta property=\"article:modified_time\" content=\"2025-10-03T14:33:35+00:00\" \/>\n<meta property=\"og:image\" content=\"https:\/\/www.lesgrandsbuffets.com\/wp-content\/uploads\/2025\/10\/buffet-desserts-flambes-les-grands-buffets.webp\" \/>\n\t<meta property=\"og:image:width\" content=\"1920\" \/>\n\t<meta property=\"og:image:height\" content=\"1240\" \/>\n\t<meta property=\"og:image:type\" content=\"image\/webp\" \/>\n<meta name=\"twitter:card\" content=\"summary_large_image\" \/>\n<meta name=\"twitter:label1\" content=\"Dur\u00e9e de lecture estim\u00e9e\" \/>\n\t<meta name=\"twitter:data1\" content=\"1 minute\" \/>\n<script type=\"application\/ld+json\" class=\"yoast-schema-graph\">{\"@context\":\"https:\\\/\\\/schema.org\",\"@graph\":[{\"@type\":\"WebPage\",\"@id\":\"https:\\\/\\\/www.lesgrandsbuffets.com\\\/fr\\\/le-grand-menu\\\/desserts-flambes\\\/\",\"url\":\"https:\\\/\\\/www.lesgrandsbuffets.com\\\/fr\\\/le-grand-menu\\\/desserts-flambes\\\/\",\"name\":\"Desserts flamb\u00e9s \u00e0 volont\u00e9 \u2013 Cr\u00e9ations Escoffier\",\"isPartOf\":{\"@id\":\"https:\\\/\\\/www.lesgrandsbuffets.com\\\/fr\\\/#website\"},\"primaryImageOfPage\":{\"@id\":\"https:\\\/\\\/www.lesgrandsbuffets.com\\\/fr\\\/le-grand-menu\\\/desserts-flambes\\\/#primaryimage\"},\"image\":{\"@id\":\"https:\\\/\\\/www.lesgrandsbuffets.com\\\/fr\\\/le-grand-menu\\\/desserts-flambes\\\/#primaryimage\"},\"thumbnailUrl\":\"https:\\\/\\\/www.lesgrandsbuffets.com\\\/wp-content\\\/uploads\\\/2025\\\/10\\\/buffet-desserts-flambes-les-grands-buffets.webp\",\"datePublished\":\"2024-07-22T14:32:07+00:00\",\"dateModified\":\"2025-10-03T14:33:35+00:00\",\"description\":\"Cr\u00eapes, entremets et fruits flamb\u00e9s devant vous perp\u00e9tuent le savoir-faire d\u2019Escoffier pour une fin de repas spectaculaire et illimit\u00e9e.\",\"breadcrumb\":{\"@id\":\"https:\\\/\\\/www.lesgrandsbuffets.com\\\/fr\\\/le-grand-menu\\\/desserts-flambes\\\/#breadcrumb\"},\"inLanguage\":\"fr-FR\",\"potentialAction\":[{\"@type\":\"ReadAction\",\"target\":[\"https:\\\/\\\/www.lesgrandsbuffets.com\\\/fr\\\/le-grand-menu\\\/desserts-flambes\\\/\"]}]},{\"@type\":\"ImageObject\",\"inLanguage\":\"fr-FR\",\"@id\":\"https:\\\/\\\/www.lesgrandsbuffets.com\\\/fr\\\/le-grand-menu\\\/desserts-flambes\\\/#primaryimage\",\"url\":\"https:\\\/\\\/www.lesgrandsbuffets.com\\\/wp-content\\\/uploads\\\/2025\\\/10\\\/buffet-desserts-flambes-les-grands-buffets.webp\",\"contentUrl\":\"https:\\\/\\\/www.lesgrandsbuffets.com\\\/wp-content\\\/uploads\\\/2025\\\/10\\\/buffet-desserts-flambes-les-grands-buffets.webp\",\"width\":1920,\"height\":1240,\"caption\":\"le buffet des desserts flamb\u00e9s du restaurant \u00e0 volont\u00e9 Les Grands Buffets Narbonne\"},{\"@type\":\"BreadcrumbList\",\"@id\":\"https:\\\/\\\/www.lesgrandsbuffets.com\\\/fr\\\/le-grand-menu\\\/desserts-flambes\\\/#breadcrumb\",\"itemListElement\":[{\"@type\":\"ListItem\",\"position\":1,\"name\":\"Accueil\",\"item\":\"https:\\\/\\\/www.lesgrandsbuffets.com\\\/fr\\\/\"},{\"@type\":\"ListItem\",\"position\":2,\"name\":\"Le Grand Menu\",\"item\":\"https:\\\/\\\/www.lesgrandsbuffets.com\\\/fr\\\/le-grand-menu\\\/\"},{\"@type\":\"ListItem\",\"position\":3,\"name\":\"Les desserts flamb\u00e9s\"}]},{\"@type\":\"WebSite\",\"@id\":\"https:\\\/\\\/www.lesgrandsbuffets.com\\\/fr\\\/#website\",\"url\":\"https:\\\/\\\/www.lesgrandsbuffets.com\\\/fr\\\/\",\"name\":\"Les Grands Buffets\",\"description\":\"Maison fond\u00e9e en 1989\",\"publisher\":{\"@id\":\"https:\\\/\\\/www.lesgrandsbuffets.com\\\/fr\\\/#organization\"},\"potentialAction\":[{\"@type\":\"SearchAction\",\"target\":{\"@type\":\"EntryPoint\",\"urlTemplate\":\"https:\\\/\\\/www.lesgrandsbuffets.com\\\/fr\\\/?s={search_term_string}\"},\"query-input\":{\"@type\":\"PropertyValueSpecification\",\"valueRequired\":true,\"valueName\":\"search_term_string\"}}],\"inLanguage\":\"fr-FR\"},{\"@type\":\"Organization\",\"@id\":\"https:\\\/\\\/www.lesgrandsbuffets.com\\\/fr\\\/#organization\",\"name\":\"Les Grands Buffets\",\"url\":\"https:\\\/\\\/www.lesgrandsbuffets.com\\\/fr\\\/\",\"logo\":{\"@type\":\"ImageObject\",\"inLanguage\":\"fr-FR\",\"@id\":\"https:\\\/\\\/www.lesgrandsbuffets.com\\\/fr\\\/#\\\/schema\\\/logo\\\/image\\\/\",\"url\":\"https:\\\/\\\/www.lesgrandsbuffets.com\\\/wp-content\\\/uploads\\\/2025\\\/08\\\/LOGO-GB-2205-BLANC-LGB-favicon-BG.png\",\"contentUrl\":\"https:\\\/\\\/www.lesgrandsbuffets.com\\\/wp-content\\\/uploads\\\/2025\\\/08\\\/LOGO-GB-2205-BLANC-LGB-favicon-BG.png\",\"width\":512,\"height\":512,\"caption\":\"Les Grands Buffets\"},\"image\":{\"@id\":\"https:\\\/\\\/www.lesgrandsbuffets.com\\\/fr\\\/#\\\/schema\\\/logo\\\/image\\\/\"}}]}<\/script>\n<!-- \/ Yoast SEO plugin. -->","yoast_head_json":{"title":"Desserts flamb\u00e9s \u00e0 volont\u00e9 \u2013 Cr\u00e9ations Escoffier","description":"Cr\u00eapes, entremets et fruits flamb\u00e9s devant vous perp\u00e9tuent le savoir-faire d\u2019Escoffier pour une fin de repas spectaculaire et illimit\u00e9e.","robots":{"index":"index","follow":"follow","max-snippet":"max-snippet:-1","max-image-preview":"max-image-preview:large","max-video-preview":"max-video-preview:-1"},"canonical":"https:\/\/www.lesgrandsbuffets.com\/fr\/le-grand-menu\/desserts-flambes\/","og_locale":"fr_FR","og_type":"article","og_title":"Desserts flamb\u00e9s \u00e0 volont\u00e9 \u2013 Cr\u00e9ations Escoffier","og_description":"Cr\u00eapes, entremets et fruits flamb\u00e9s devant vous perp\u00e9tuent le savoir-faire d\u2019Escoffier pour une fin de repas spectaculaire et illimit\u00e9e.","og_url":"https:\/\/www.lesgrandsbuffets.com\/fr\/le-grand-menu\/desserts-flambes\/","og_site_name":"Les Grands Buffets","article_modified_time":"2025-10-03T14:33:35+00:00","og_image":[{"width":1920,"height":1240,"url":"https:\/\/www.lesgrandsbuffets.com\/wp-content\/uploads\/2025\/10\/buffet-desserts-flambes-les-grands-buffets.webp","type":"image\/webp"}],"twitter_card":"summary_large_image","twitter_misc":{"Dur\u00e9e de lecture estim\u00e9e":"1 minute"},"schema":{"@context":"https:\/\/schema.org","@graph":[{"@type":"WebPage","@id":"https:\/\/www.lesgrandsbuffets.com\/fr\/le-grand-menu\/desserts-flambes\/","url":"https:\/\/www.lesgrandsbuffets.com\/fr\/le-grand-menu\/desserts-flambes\/","name":"Desserts flamb\u00e9s \u00e0 volont\u00e9 \u2013 Cr\u00e9ations Escoffier","isPartOf":{"@id":"https:\/\/www.lesgrandsbuffets.com\/fr\/#website"},"primaryImageOfPage":{"@id":"https:\/\/www.lesgrandsbuffets.com\/fr\/le-grand-menu\/desserts-flambes\/#primaryimage"},"image":{"@id":"https:\/\/www.lesgrandsbuffets.com\/fr\/le-grand-menu\/desserts-flambes\/#primaryimage"},"thumbnailUrl":"https:\/\/www.lesgrandsbuffets.com\/wp-content\/uploads\/2025\/10\/buffet-desserts-flambes-les-grands-buffets.webp","datePublished":"2024-07-22T14:32:07+00:00","dateModified":"2025-10-03T14:33:35+00:00","description":"Cr\u00eapes, entremets et fruits flamb\u00e9s devant vous perp\u00e9tuent le savoir-faire d\u2019Escoffier pour une fin de repas spectaculaire et illimit\u00e9e.","breadcrumb":{"@id":"https:\/\/www.lesgrandsbuffets.com\/fr\/le-grand-menu\/desserts-flambes\/#breadcrumb"},"inLanguage":"fr-FR","potentialAction":[{"@type":"ReadAction","target":["https:\/\/www.lesgrandsbuffets.com\/fr\/le-grand-menu\/desserts-flambes\/"]}]},{"@type":"ImageObject","inLanguage":"fr-FR","@id":"https:\/\/www.lesgrandsbuffets.com\/fr\/le-grand-menu\/desserts-flambes\/#primaryimage","url":"https:\/\/www.lesgrandsbuffets.com\/wp-content\/uploads\/2025\/10\/buffet-desserts-flambes-les-grands-buffets.webp","contentUrl":"https:\/\/www.lesgrandsbuffets.com\/wp-content\/uploads\/2025\/10\/buffet-desserts-flambes-les-grands-buffets.webp","width":1920,"height":1240,"caption":"le buffet des desserts flamb\u00e9s du restaurant \u00e0 volont\u00e9 Les Grands Buffets Narbonne"},{"@type":"BreadcrumbList","@id":"https:\/\/www.lesgrandsbuffets.com\/fr\/le-grand-menu\/desserts-flambes\/#breadcrumb","itemListElement":[{"@type":"ListItem","position":1,"name":"Accueil","item":"https:\/\/www.lesgrandsbuffets.com\/fr\/"},{"@type":"ListItem","position":2,"name":"Le Grand Menu","item":"https:\/\/www.lesgrandsbuffets.com\/fr\/le-grand-menu\/"},{"@type":"ListItem","position":3,"name":"Les desserts flamb\u00e9s"}]},{"@type":"WebSite","@id":"https:\/\/www.lesgrandsbuffets.com\/fr\/#website","url":"https:\/\/www.lesgrandsbuffets.com\/fr\/","name":"Les Grands Buffets","description":"Maison fond\u00e9e en 1989","publisher":{"@id":"https:\/\/www.lesgrandsbuffets.com\/fr\/#organization"},"potentialAction":[{"@type":"SearchAction","target":{"@type":"EntryPoint","urlTemplate":"https:\/\/www.lesgrandsbuffets.com\/fr\/?s={search_term_string}"},"query-input":{"@type":"PropertyValueSpecification","valueRequired":true,"valueName":"search_term_string"}}],"inLanguage":"fr-FR"},{"@type":"Organization","@id":"https:\/\/www.lesgrandsbuffets.com\/fr\/#organization","name":"Les Grands Buffets","url":"https:\/\/www.lesgrandsbuffets.com\/fr\/","logo":{"@type":"ImageObject","inLanguage":"fr-FR","@id":"https:\/\/www.lesgrandsbuffets.com\/fr\/#\/schema\/logo\/image\/","url":"https:\/\/www.lesgrandsbuffets.com\/wp-content\/uploads\/2025\/08\/LOGO-GB-2205-BLANC-LGB-favicon-BG.png","contentUrl":"https:\/\/www.lesgrandsbuffets.com\/wp-content\/uploads\/2025\/08\/LOGO-GB-2205-BLANC-LGB-favicon-BG.png","width":512,"height":512,"caption":"Les Grands Buffets"},"image":{"@id":"https:\/\/www.lesgrandsbuffets.com\/fr\/#\/schema\/logo\/image\/"}}]}},"_links":{"self":[{"href":"https:\/\/www.lesgrandsbuffets.com\/fr\/wp-json\/wp\/v2\/pages\/2955","targetHints":{"allow":["GET"]}}],"collection":[{"href":"https:\/\/www.lesgrandsbuffets.com\/fr\/wp-json\/wp\/v2\/pages"}],"about":[{"href":"https:\/\/www.lesgrandsbuffets.com\/fr\/wp-json\/wp\/v2\/types\/page"}],"author":[{"embeddable":true,"href":"https:\/\/www.lesgrandsbuffets.com\/fr\/wp-json\/wp\/v2\/users\/1"}],"replies":[{"embeddable":true,"href":"https:\/\/www.lesgrandsbuffets.com\/fr\/wp-json\/wp\/v2\/comments?post=2955"}],"version-history":[{"count":0,"href":"https:\/\/www.lesgrandsbuffets.com\/fr\/wp-json\/wp\/v2\/pages\/2955\/revisions"}],"up":[{"embeddable":true,"href":"https:\/\/www.lesgrandsbuffets.com\/fr\/wp-json\/wp\/v2\/pages\/547"}],"wp:featuredmedia":[{"embeddable":true,"href":"https:\/\/www.lesgrandsbuffets.com\/fr\/wp-json\/wp\/v2\/media\/8933"}],"wp:attachment":[{"href":"https:\/\/www.lesgrandsbuffets.com\/fr\/wp-json\/wp\/v2\/media?parent=2955"}],"curies":[{"name":"wp","href":"https:\/\/api.w.org\/{rel}","templated":true}]}}